{"id":108789,"date":"2025-08-11T10:54:42","date_gmt":"2025-08-11T03:54:42","guid":{"rendered":"http:\/\/hocvienmo.thietkewebquangninh.vn\/?page_id=108789"},"modified":"2025-09-11T09:55:50","modified_gmt":"2025-09-11T02:55:50","slug":"doan-thanh-nien","status":"publish","type":"page","link":"https:\/\/imsat.vn\/?page_id=108789","title":{"rendered":"\u0110o\u00e0n thanh ni\u00ean"},"content":{"rendered":"<p style=\"text-align: justify;\">\u0110o\u00e0n Thanh ni\u00ean C\u1ed9ng s\u1ea3n H\u1ed3 Ch\u00ed Minh Vi\u1ec7n Khoa h\u1ecdc C\u00f4ng ngh\u1ec7 M\u1ecf \u0111\u01b0\u1ee3c t\u00e1i th\u00e0nh l\u1eadp v\u00e0o ng\u00e0y 26\/3\/1998 v\u1edbi t\u00ean g\u1ecdi l\u00e0 Chi \u0111o\u00e0n tr\u1ef1c thu\u1ed9c Qu\u1eadn \u0111o\u00e0n Thanh Xu\u00e2n. Ng\u00e0y 05\/10\/2004, \u0111\u01b0\u1ee3c n\u00e2ng c\u1ea5p th\u00e0nh \u0110o\u00e0n c\u01a1 s\u1edf v\u1edbi t\u00ean g\u1ecdi l\u00e0 \u0110o\u00e0n Thanh ni\u00ean C\u1ed9ng s\u1ea3n H\u1ed3 Ch\u00ed Minh Vi\u1ec7n Khoa h\u1ecdc C\u00f4ng ngh\u1ec7 M\u1ecf, tr\u1ef1c thu\u1ed9c\u00a0 \u0110o\u00e0n Kh\u1ed1i C\u00f4ng nghi\u1ec7p H\u00e0 N\u1ed9i. \u0110\u1ebfn ng\u00e0y 12\/02\/2020, \u0110o\u00e0n Thanh ni\u00ean C\u1ed9ng s\u1ea3n H\u1ed3 Ch\u00ed Minh Vi\u1ec7n Khoa h\u1ecdc C\u00f4ng ngh\u1ec7 M\u1ecf \u0111\u01b0\u1ee3c ti\u1ebfp nh\u1eadn v\u1ec1 sinh ho\u1ea1t t\u1ea1i\u00a0 \u0110o\u00e0n Thanh Ni\u00ean T\u1eadp \u0111o\u00e0n C\u00f4ng nghi\u1ec7p Than &#8211; Kho\u00e1ng s\u1ea3n Vi\u1ec7t Nam. Tr\u1ea3i qua c\u00e1c k\u1ef3 \u0111\u1ea1i h\u1ed9i, \u0110o\u00e0n Thanh ni\u00ean Vi\u1ec7n ng\u00e0y c\u00e0ng ph\u00e1t tri\u1ec3n, t\u1eeb 20 \u0111o\u00e0n vi\u00ean khi m\u1edbi t\u00e1i th\u00e0nh l\u1eadp \u0111\u1ebfn nay \u0111\u00e3 c\u00f3 71 \u0111o\u00e0n vi\u00ean, sinh ho\u1ea1t t\u1ea1i 5 Chi \u0111o\u00e0n, g\u1ed3m Chi \u0111o\u00e0n kh\u1ed1i Nghi\u1ec7p v\u1ee5, Chi \u0111o\u00e0n kh\u1ed1i Nghi\u00ean c\u1ee9u 1, Chi \u0111o\u00e0n kh\u1ed1i Nghi\u00ean c\u1ee9u 2, Chi \u0111o\u00e0n C\u00f4ng ty Ph\u00e1t tri\u1ec3n C\u00f4ng ngh\u1ec7 v\u00e0 Thi\u1ebft b\u1ecb M\u1ecf, Chi \u0111o\u00e0n Trung t\u00e2m An to\u00e0n M\u1ecf. Ban ch\u1ea5p h\u00e0nh \u0110o\u00e0n thanh ni\u00ean Vi\u1ec7n hi\u1ec7n c\u00f3 4 \u0111\u1ed3ng ch\u00ed, \u0111\u1ed3ng ch\u00ed Nguy\u1ec5n Th\u1ecb B\u00edch Ng\u1ecdc l\u00e0m Ph\u00f3 b\u00ed th\u01b0 ph\u1ee5 tr\u00e1ch.<\/p>\n<p><img loading=\"lazy\" class=\"aligncenter wp-image-118868 size-full\" src=\"https:\/\/imsat.vn\/wp-content\/uploads\/2022\/03\/11.-DHDTN_-2022_11-1-scaled.jpg\" alt=\"\" width=\"2560\" height=\"1696\" srcset=\"https:\/\/imsat.vn\/wp-content\/uploads\/2022\/03\/11.-DHDTN_-2022_11-1-scaled.jpg 2560w, https:\/\/imsat.vn\/wp-content\/uploads\/2022\/03\/11.-DHDTN_-2022_11-1-300x199.jpg 300w, https:\/\/imsat.vn\/wp-content\/uploads\/2022\/03\/11.-DHDTN_-2022_11-1-1024x678.jpg 1024w, https:\/\/imsat.vn\/wp-content\/uploads\/2022\/03\/11.-DHDTN_-2022_11-1-768x509.jpg 768w, https:\/\/imsat.vn\/wp-content\/uploads\/2022\/03\/11.-DHDTN_-2022_11-1-1536x1017.jpg 1536w, https:\/\/imsat.vn\/wp-content\/uploads\/2022\/03\/11.-DHDTN_-2022_11-1-2048x1356.jpg 2048w, https:\/\/imsat.vn\/wp-content\/uploads\/2022\/03\/11.-DHDTN_-2022_11-1-500x330.jpg 500w\" sizes=\"(max-width: 2560px) 100vw, 2560px\" \/><\/p>\n<p style=\"text-align: center;\"><em>BCH \u0110o\u00e0n thanh ni\u00ean Vi\u1ec7n KHCN M\u1ecf kh\u00f3a VIII, nhi\u1ec7m k\u1ef3 2022- 2027<\/em><\/p>\n<p><strong>C\u00e1c ho\u1ea1t \u0111\u1ed9ng ti\u00eau bi\u1ec3u<\/strong><\/p>\n<p>Trong nh\u1eefng n\u0103m qua, d\u01b0\u1edbi s\u1ef1 l\u00e3nh \u0111\u1ea1o c\u1ee7a \u0110\u1ea3ng u\u1ef7 Vi\u1ec7n, \u0110o\u00e0n Thanh Ni\u00ean T\u1eadp \u0111o\u00e0n C\u00f4ng nghi\u1ec7p &#8211; Than Kho\u00e1ng s\u1ea3n Vi\u1ec7t Nam v\u00e0 s\u1ef1 quan t\u00e2m t\u1ea1o \u0111i\u1ec1u ki\u1ec7n c\u1ee7a Ban l\u00e3nh \u0111\u1ea1o Vi\u1ec7n, v\u1edbi tinh th\u1ea7n n\u0103ng \u0111\u1ed9ng, \u0111\u1ed5i m\u1edbi, \u0111o\u00e0n k\u1ebft nh\u1ea5t tr\u00ed cao, c\u00e1c ho\u1ea1t \u0111\u1ed9ng \u0111o\u00e0n do \u0110o\u00e0n Vi\u1ec7n t\u1ed5 ch\u1ee9c th\u1ef1c s\u1ef1 \u0111\u00e3 g\u1eafn k\u1ebft \u0111\u01b0\u1ee3c c\u00e1c \u0111o\u00e0n vi\u00ean thanh ni\u00ean, gi\u00fap h\u1ecd hi\u1ec3u bi\u1ebft h\u01a1n v\u1ec1 Vi\u1ec7n v\u00e0 ng\u00e0nh Than, Kho\u00e1ng s\u1ea3n, \u1ed5n \u0111\u1ecbnh t\u01b0 t\u01b0\u1edfng, t\u00e1c phong l\u00e0m vi\u1ec7c khoa h\u1ecdc, t\u00edch c\u1ef1c tham gia \u00a0ho\u1ea1t \u0111\u1ed9ng KHCN c\u1ee7a\u00a0 Vi\u1ec7n.<\/p>\n<p><img loading=\"lazy\" class=\"aligncenter wp-image-126301 size-full\" src=\"https:\/\/imsat.vn\/wp-content\/uploads\/2025\/08\/image001.jpg\" alt=\"\" width=\"819\" height=\"613\" srcset=\"https:\/\/imsat.vn\/wp-content\/uploads\/2025\/08\/image001.jpg 819w, https:\/\/imsat.vn\/wp-content\/uploads\/2025\/08\/image001-300x225.jpg 300w, https:\/\/imsat.vn\/wp-content\/uploads\/2025\/08\/image001-768x575.jpg 768w\" sizes=\"(max-width: 819px) 100vw, 819px\" \/><\/p>\n<p style=\"text-align: center;\"><em>\u0110o\u00e0n Thanh ni\u00ean Vi\u1ec7n KHCN M\u1ecf tham d\u1ef1 \u0110\u1ea1i h\u1ed9i kh\u00f3a VIII, nhi\u1ec7m k\u1ef3 2022 &#8211; 2027\u00a0<\/em><\/p>\n<p><em>M\u1ed9t s\u1ed1 h\u00ecnh \u1ea3nh ho\u1ea1t \u0111\u1ed9ng ti\u00eau bi\u1ec3u:<\/em><\/p>\n<p><img loading=\"lazy\" class=\"aligncenter wp-image-126303 size-full\" src=\"https:\/\/imsat.vn\/wp-content\/uploads\/2025\/08\/image003.jpg\" alt=\"\" width=\"960\" height=\"721\" srcset=\"https:\/\/imsat.vn\/wp-content\/uploads\/2025\/08\/image003.jpg 960w, https:\/\/imsat.vn\/wp-content\/uploads\/2025\/08\/image003-300x225.jpg 300w, https:\/\/imsat.vn\/wp-content\/uploads\/2025\/08\/image003-768x577.jpg 768w\" sizes=\"(max-width: 960px) 100vw, 960px\" \/><\/p>\n<p><img loading=\"lazy\" class=\"wp-image-126305 size-full aligncenter\" src=\"https:\/\/imsat.vn\/wp-content\/uploads\/2025\/08\/image004.jpg\" alt=\"\" width=\"740\" height=\"493\" srcset=\"https:\/\/imsat.vn\/wp-content\/uploads\/2025\/08\/image004.jpg 740w, https:\/\/imsat.vn\/wp-content\/uploads\/2025\/08\/image004-300x200.jpg 300w\" sizes=\"(max-width: 740px) 100vw, 740px\" \/><\/p>\n<p><img loading=\"lazy\" class=\"aligncenter wp-image-126307 size-full\" src=\"https:\/\/imsat.vn\/wp-content\/uploads\/2025\/08\/image005.jpg\" alt=\"\" width=\"740\" height=\"556\" srcset=\"https:\/\/imsat.vn\/wp-content\/uploads\/2025\/08\/image005.jpg 740w, https:\/\/imsat.vn\/wp-content\/uploads\/2025\/08\/image005-300x225.jpg 300w\" sizes=\"(max-width: 740px) 100vw, 740px\" \/><\/p>\n<p><img loading=\"lazy\" class=\"aligncenter wp-image-126309 size-full\" src=\"https:\/\/imsat.vn\/wp-content\/uploads\/2025\/08\/image006.jpg\" alt=\"\" width=\"740\" height=\"555\" srcset=\"https:\/\/imsat.vn\/wp-content\/uploads\/2025\/08\/image006.jpg 740w, https:\/\/imsat.vn\/wp-content\/uploads\/2025\/08\/image006-300x225.jpg 300w\" sizes=\"(max-width: 740px) 100vw, 740px\" \/><\/p>\n<p style=\"text-align: center;\"><em>\u0110o\u00e0n Thanh ni\u00ean Vi\u1ec7n tham gia Ch\u01b0\u01a1ng tr\u00ecnh Ng\u00e0y Ch\u1ee7 Nh\u1eadt xanh<\/em><\/p>\n<p><img loading=\"lazy\" class=\"wp-image-126693 size-full aligncenter\" src=\"https:\/\/imsat.vn\/wp-content\/uploads\/2025\/08\/1.-DTN-_-CS-Web-2025_-1-image093.jpg\" alt=\"\" width=\"960\" height=\"575\" srcset=\"https:\/\/imsat.vn\/wp-content\/uploads\/2025\/08\/1.-DTN-_-CS-Web-2025_-1-image093.jpg 960w, https:\/\/imsat.vn\/wp-content\/uploads\/2025\/08\/1.-DTN-_-CS-Web-2025_-1-image093-300x180.jpg 300w, https:\/\/imsat.vn\/wp-content\/uploads\/2025\/08\/1.-DTN-_-CS-Web-2025_-1-image093-768x460.jpg 768w\" sizes=\"(max-width: 960px) 100vw, 960px\" \/><\/p>\n<p style=\"text-align: center;\"><em>\u0110\u1ed9i v\u0103n ngh\u1ec7 \u0110o\u00e0n Vi\u1ec7n tham gia ch\u01b0\u01a1ng tr\u00ecnh so T\u1eadp \u0111o\u00e0n C\u00f4ng nghi\u1ec7p Than &#8211; Kho\u00e1ng s\u1ea3n Vi\u1ec7t Nam t\u1ed5 ch\u1ee9c<\/em><\/p>\n<p style=\"text-align: justify;\">\n","protected":false},"excerpt":{"rendered":"<p>\u0110o\u00e0n Thanh ni\u00ean C\u1ed9ng s\u1ea3n H\u1ed3 Ch\u00ed Minh Vi\u1ec7n Khoa h\u1ecdc C\u00f4ng ngh\u1ec7 M\u1ecf \u0111\u01b0\u1ee3c t\u00e1i th\u00e0nh l\u1eadp v\u00e0o ng\u00e0y 26\/3\/1998 v\u1edbi t\u00ean g\u1ecdi l\u00e0 Chi \u0111o\u00e0n tr\u1ef1c thu\u1ed9c Qu\u1eadn \u0111o\u00e0n Thanh Xu\u00e2n. Ng\u00e0y 05\/10\/2004, \u0111\u01b0\u1ee3c n\u00e2ng c\u1ea5p th\u00e0nh \u0110o\u00e0n c\u01a1 s\u1edf v\u1edbi t\u00ean g\u1ecdi l\u00e0 \u0110o\u00e0n Thanh ni\u00ean C\u1ed9ng s\u1ea3n H\u1ed3 Ch\u00ed Minh Vi\u1ec7n [&hellip;]<\/p>\n","protected":false},"author":2,"featured_media":126301,"parent":35,"menu_order":0,"comment_status":"closed","ping_status":"closed","template":"","meta":[],"yoast_head":"<!-- This site is optimized with the Yoast SEO plugin v18.2 - https:\/\/yoast.com\/wordpress\/plugins\/seo\/ -->\n<title>\u0110o\u00e0n thanh ni\u00ean - Vi\u1ec7n Khoa h\u1ecdc C\u00f4ng ngh\u1ec7 M\u1ecf - Vinacomin<\/title>\n<meta name=\"robots\" content=\"index, follow, max-snippet:-1, max-image-preview:large, max-video-preview:-1\" \/>\n<link rel=\"canonical\" href=\"https:\/\/imsat.vn\/?page_id=108789\" \/>\n<meta property=\"og:locale\" content=\"vi_VN\" \/>\n<meta property=\"og:type\" content=\"article\" \/>\n<meta property=\"og:title\" content=\"\u0110o\u00e0n thanh ni\u00ean - Vi\u1ec7n Khoa h\u1ecdc C\u00f4ng ngh\u1ec7 M\u1ecf - Vinacomin\" \/>\n<meta property=\"og:description\" content=\"\u0110o\u00e0n Thanh ni\u00ean C\u1ed9ng s\u1ea3n H\u1ed3 Ch\u00ed Minh Vi\u1ec7n Khoa h\u1ecdc C\u00f4ng ngh\u1ec7 M\u1ecf \u0111\u01b0\u1ee3c t\u00e1i th\u00e0nh l\u1eadp v\u00e0o ng\u00e0y 26\/3\/1998 v\u1edbi t\u00ean g\u1ecdi l\u00e0 Chi \u0111o\u00e0n tr\u1ef1c thu\u1ed9c Qu\u1eadn \u0111o\u00e0n Thanh Xu\u00e2n. Ng\u00e0y 05\/10\/2004, \u0111\u01b0\u1ee3c n\u00e2ng c\u1ea5p th\u00e0nh \u0110o\u00e0n c\u01a1 s\u1edf v\u1edbi t\u00ean g\u1ecdi l\u00e0 \u0110o\u00e0n Thanh ni\u00ean C\u1ed9ng s\u1ea3n H\u1ed3 Ch\u00ed Minh Vi\u1ec7n [&hellip;]\" \/>\n<meta property=\"og:url\" content=\"https:\/\/imsat.vn\/?page_id=108789\" \/>\n<meta property=\"og:site_name\" content=\"Vi\u1ec7n Khoa h\u1ecdc C\u00f4ng ngh\u1ec7 M\u1ecf - Vinacomin\" \/>\n<meta property=\"article:modified_time\" content=\"2025-09-11T02:55:50+00:00\" \/>\n<meta property=\"og:image\" content=\"https:\/\/imsat.vn\/wp-content\/uploads\/2025\/08\/image001.jpg\" \/>\n\t<meta property=\"og:image:width\" content=\"819\" \/>\n\t<meta property=\"og:image:height\" content=\"613\" \/>\n\t<meta property=\"og:image:type\" content=\"image\/jpeg\" \/>\n<meta name=\"twitter:card\" content=\"summary_large_image\" \/>\n<meta name=\"twitter:label1\" content=\"Est. reading time\" \/>\n\t<meta name=\"twitter:data1\" content=\"4 minutes\" \/>\n<script type=\"application\/ld+json\" class=\"yoast-schema-graph\">{\"@context\":\"https:\/\/schema.org\",\"@graph\":[{\"@type\":[\"Person\",\"Organization\"],\"@id\":\"https:\/\/imsat.vn\/#\/schema\/person\/89fc24c8dc721bd3aac0eda6ec581513\",\"name\":\"admin\",\"image\":{\"@type\":\"ImageObject\",\"@id\":\"https:\/\/imsat.vn\/#personlogo\",\"inLanguage\":\"vi-VN\",\"url\":\"https:\/\/secure.gravatar.com\/avatar\/64e1b8d34f425d19e1ee2ea7236d3028?s=96&d=mm&r=g\",\"contentUrl\":\"https:\/\/secure.gravatar.com\/avatar\/64e1b8d34f425d19e1ee2ea7236d3028?s=96&d=mm&r=g\",\"caption\":\"admin\"},\"logo\":{\"@id\":\"https:\/\/imsat.vn\/#personlogo\"},\"sameAs\":[\"https:\/\/imsat.vn\/\"]},{\"@type\":\"WebSite\",\"@id\":\"https:\/\/imsat.vn\/#website\",\"url\":\"https:\/\/imsat.vn\/\",\"name\":\"Vi\u1ec7n Khoa h\u1ecdc C\u00f4ng ngh\u1ec7 M\u1ecf - Vinacomin\",\"description\":\"\",\"publisher\":{\"@id\":\"https:\/\/imsat.vn\/#\/schema\/person\/89fc24c8dc721bd3aac0eda6ec581513\"},\"potentialAction\":[{\"@type\":\"SearchAction\",\"target\":{\"@type\":\"EntryPoint\",\"urlTemplate\":\"https:\/\/imsat.vn\/?s={search_term_string}\"},\"query-input\":\"required name=search_term_string\"}],\"inLanguage\":\"vi-VN\"},{\"@type\":\"ImageObject\",\"@id\":\"https:\/\/imsat.vn\/?page_id=108789#primaryimage\",\"inLanguage\":\"vi-VN\",\"url\":\"https:\/\/imsat.vn\/wp-content\/uploads\/2025\/08\/image001.jpg\",\"contentUrl\":\"https:\/\/imsat.vn\/wp-content\/uploads\/2025\/08\/image001.jpg\",\"width\":819,\"height\":613},{\"@type\":\"WebPage\",\"@id\":\"https:\/\/imsat.vn\/?page_id=108789#webpage\",\"url\":\"https:\/\/imsat.vn\/?page_id=108789\",\"name\":\"\u0110o\u00e0n thanh ni\u00ean - Vi\u1ec7n Khoa h\u1ecdc C\u00f4ng ngh\u1ec7 M\u1ecf - Vinacomin\",\"isPartOf\":{\"@id\":\"https:\/\/imsat.vn\/#website\"},\"primaryImageOfPage\":{\"@id\":\"https:\/\/imsat.vn\/?page_id=108789#primaryimage\"},\"datePublished\":\"2025-08-11T03:54:42+00:00\",\"dateModified\":\"2025-09-11T02:55:50+00:00\",\"breadcrumb\":{\"@id\":\"https:\/\/imsat.vn\/?page_id=108789#breadcrumb\"},\"inLanguage\":\"vi-VN\",\"potentialAction\":[{\"@type\":\"ReadAction\",\"target\":[\"https:\/\/imsat.vn\/?page_id=108789\"]}]},{\"@type\":\"BreadcrumbList\",\"@id\":\"https:\/\/imsat.vn\/?page_id=108789#breadcrumb\",\"itemListElement\":[{\"@type\":\"ListItem\",\"position\":1,\"name\":\"Trang ch\u1ee7\",\"item\":\"https:\/\/imsat.vn\/\"},{\"@type\":\"ListItem\",\"position\":2,\"name\":\"Gi\u1edbi thi\u1ec7u\",\"item\":\"https:\/\/imsat.vn\/?page_id=35\"},{\"@type\":\"ListItem\",\"position\":3,\"name\":\"\u0110o\u00e0n thanh ni\u00ean\"}]}]}<\/script>\n<!-- \/ Yoast SEO plugin. -->","yoast_head_json":{"title":"\u0110o\u00e0n thanh ni\u00ean - Vi\u1ec7n Khoa h\u1ecdc C\u00f4ng ngh\u1ec7 M\u1ecf - Vinacomin","robots":{"index":"index","follow":"follow","max-snippet":"max-snippet:-1","max-image-preview":"max-image-preview:large","max-video-preview":"max-video-preview:-1"},"canonical":"https:\/\/imsat.vn\/?page_id=108789","og_locale":"vi_VN","og_type":"article","og_title":"\u0110o\u00e0n thanh ni\u00ean - Vi\u1ec7n Khoa h\u1ecdc C\u00f4ng ngh\u1ec7 M\u1ecf - Vinacomin","og_description":"\u0110o\u00e0n Thanh ni\u00ean C\u1ed9ng s\u1ea3n H\u1ed3 Ch\u00ed Minh Vi\u1ec7n Khoa h\u1ecdc C\u00f4ng ngh\u1ec7 M\u1ecf \u0111\u01b0\u1ee3c t\u00e1i th\u00e0nh l\u1eadp v\u00e0o ng\u00e0y 26\/3\/1998 v\u1edbi t\u00ean g\u1ecdi l\u00e0 Chi \u0111o\u00e0n tr\u1ef1c thu\u1ed9c Qu\u1eadn \u0111o\u00e0n Thanh Xu\u00e2n. Ng\u00e0y 05\/10\/2004, \u0111\u01b0\u1ee3c n\u00e2ng c\u1ea5p th\u00e0nh \u0110o\u00e0n c\u01a1 s\u1edf v\u1edbi t\u00ean g\u1ecdi l\u00e0 \u0110o\u00e0n Thanh ni\u00ean C\u1ed9ng s\u1ea3n H\u1ed3 Ch\u00ed Minh Vi\u1ec7n [&hellip;]","og_url":"https:\/\/imsat.vn\/?page_id=108789","og_site_name":"Vi\u1ec7n Khoa h\u1ecdc C\u00f4ng ngh\u1ec7 M\u1ecf - Vinacomin","article_modified_time":"2025-09-11T02:55:50+00:00","og_image":[{"width":819,"height":613,"url":"https:\/\/imsat.vn\/wp-content\/uploads\/2025\/08\/image001.jpg","type":"image\/jpeg"}],"twitter_card":"summary_large_image","twitter_misc":{"Est. reading time":"4 minutes"},"schema":{"@context":"https:\/\/schema.org","@graph":[{"@type":["Person","Organization"],"@id":"https:\/\/imsat.vn\/#\/schema\/person\/89fc24c8dc721bd3aac0eda6ec581513","name":"admin","image":{"@type":"ImageObject","@id":"https:\/\/imsat.vn\/#personlogo","inLanguage":"vi-VN","url":"https:\/\/secure.gravatar.com\/avatar\/64e1b8d34f425d19e1ee2ea7236d3028?s=96&d=mm&r=g","contentUrl":"https:\/\/secure.gravatar.com\/avatar\/64e1b8d34f425d19e1ee2ea7236d3028?s=96&d=mm&r=g","caption":"admin"},"logo":{"@id":"https:\/\/imsat.vn\/#personlogo"},"sameAs":["https:\/\/imsat.vn\/"]},{"@type":"WebSite","@id":"https:\/\/imsat.vn\/#website","url":"https:\/\/imsat.vn\/","name":"Vi\u1ec7n Khoa h\u1ecdc C\u00f4ng ngh\u1ec7 M\u1ecf - Vinacomin","description":"","publisher":{"@id":"https:\/\/imsat.vn\/#\/schema\/person\/89fc24c8dc721bd3aac0eda6ec581513"},"potentialAction":[{"@type":"SearchAction","target":{"@type":"EntryPoint","urlTemplate":"https:\/\/imsat.vn\/?s={search_term_string}"},"query-input":"required name=search_term_string"}],"inLanguage":"vi-VN"},{"@type":"ImageObject","@id":"https:\/\/imsat.vn\/?page_id=108789#primaryimage","inLanguage":"vi-VN","url":"https:\/\/imsat.vn\/wp-content\/uploads\/2025\/08\/image001.jpg","contentUrl":"https:\/\/imsat.vn\/wp-content\/uploads\/2025\/08\/image001.jpg","width":819,"height":613},{"@type":"WebPage","@id":"https:\/\/imsat.vn\/?page_id=108789#webpage","url":"https:\/\/imsat.vn\/?page_id=108789","name":"\u0110o\u00e0n thanh ni\u00ean - Vi\u1ec7n Khoa h\u1ecdc C\u00f4ng ngh\u1ec7 M\u1ecf - Vinacomin","isPartOf":{"@id":"https:\/\/imsat.vn\/#website"},"primaryImageOfPage":{"@id":"https:\/\/imsat.vn\/?page_id=108789#primaryimage"},"datePublished":"2025-08-11T03:54:42+00:00","dateModified":"2025-09-11T02:55:50+00:00","breadcrumb":{"@id":"https:\/\/imsat.vn\/?page_id=108789#breadcrumb"},"inLanguage":"vi-VN","potentialAction":[{"@type":"ReadAction","target":["https:\/\/imsat.vn\/?page_id=108789"]}]},{"@type":"BreadcrumbList","@id":"https:\/\/imsat.vn\/?page_id=108789#breadcrumb","itemListElement":[{"@type":"ListItem","position":1,"name":"Trang ch\u1ee7","item":"https:\/\/imsat.vn\/"},{"@type":"ListItem","position":2,"name":"Gi\u1edbi thi\u1ec7u","item":"https:\/\/imsat.vn\/?page_id=35"},{"@type":"ListItem","position":3,"name":"\u0110o\u00e0n thanh ni\u00ean"}]}]}},"_links":{"self":[{"href":"https:\/\/imsat.vn\/index.php?rest_route=\/wp\/v2\/pages\/108789"}],"collection":[{"href":"https:\/\/imsat.vn\/index.php?rest_route=\/wp\/v2\/pages"}],"about":[{"href":"https:\/\/imsat.vn\/index.php?rest_route=\/wp\/v2\/types\/page"}],"author":[{"embeddable":true,"href":"https:\/\/imsat.vn\/index.php?rest_route=\/wp\/v2\/users\/2"}],"replies":[{"embeddable":true,"href":"https:\/\/imsat.vn\/index.php?rest_route=%2Fwp%2Fv2%2Fcomments&post=108789"}],"version-history":[{"count":9,"href":"https:\/\/imsat.vn\/index.php?rest_route=\/wp\/v2\/pages\/108789\/revisions"}],"predecessor-version":[{"id":126999,"href":"https:\/\/imsat.vn\/index.php?rest_route=\/wp\/v2\/pages\/108789\/revisions\/126999"}],"up":[{"embeddable":true,"href":"https:\/\/imsat.vn\/index.php?rest_route=\/wp\/v2\/pages\/35"}],"wp:featuredmedia":[{"embeddable":true,"href":"https:\/\/imsat.vn\/index.php?rest_route=\/wp\/v2\/media\/126301"}],"wp:attachment":[{"href":"https:\/\/imsat.vn\/index.php?rest_route=%2Fwp%2Fv2%2Fmedia&parent=108789"}],"curies":[{"name":"wp","href":"https:\/\/api.w.org\/{rel}","templated":true}]}}