{"id":108871,"date":"2025-08-06T15:18:09","date_gmt":"2025-08-06T08:18:09","guid":{"rendered":"http:\/\/hocvienmo.thietkewebquangninh.vn\/?page_id=108871"},"modified":"2026-01-14T08:33:59","modified_gmt":"2026-01-14T01:33:59","slug":"hoi-cuu-chien-binh","status":"publish","type":"page","link":"https:\/\/imsat.vn\/?page_id=108871","title":{"rendered":"C\u00f4ng ty li\u00ean k\u1ebft"},"content":{"rendered":"<p><img loading=\"lazy\" class=\"aligncenter wp-image-126572 size-full\" src=\"https:\/\/imsat.vn\/wp-content\/uploads\/2025\/08\/1.-CTy-_-CSWeb-_-2025_-1-image002.png\" alt=\"\" width=\"649\" height=\"384\" srcset=\"https:\/\/imsat.vn\/wp-content\/uploads\/2025\/08\/1.-CTy-_-CSWeb-_-2025_-1-image002.png 649w, https:\/\/imsat.vn\/wp-content\/uploads\/2025\/08\/1.-CTy-_-CSWeb-_-2025_-1-image002-300x178.png 300w\" sizes=\"(max-width: 649px) 100vw, 649px\" \/><\/p>\n<p>&nbsp;<\/p>\n<p>&nbsp;<\/p>\n<p>C\u00d4NG TY C\u1ed4 PH\u1ea6N PH\u00c1T TRI\u1ec2N C\u00d4NG NGH\u1ec6 V\u00c0 THI\u1ebeT B\u1eca M\u1ece:<\/p>\n<p>Gi\u00e1m \u0111\u1ed1c: ThS. Ph\u1ea1m Quang H\u01b0\u1eddng;<\/p>\n<p style=\"text-align: justify;\">Ph\u00f3 Gi\u00e1m \u0111\u1ed1c: ThS. Ph\u00f9ng Thu;<\/p>\n<p style=\"text-align: justify;\">\u0110i\u1ec7n tho\u1ea1i: 024 38647871;<\/p>\n<p style=\"text-align: justify;\">Email: cpctm.vimsat@gmail.com;<\/p>\n<p style=\"text-align: justify;\">Tr\u1ee5 s\u1edf l\u00e0m vi\u1ec7c: S\u1ed1 3, ph\u1ed1 Phan \u0110\u00ecnh Gi\u00f3t \u2013 Th\u00e0nh ph\u1ed1 H\u00e0 N\u1ed9i.<\/p>\n<p><strong>Qu\u00e1 tr\u00ecnh x\u00e2y d\u1ef1ng v\u00e0 ph\u00e1t tri\u1ec3n:<\/strong><\/p>\n<p style=\"text-align: justify;\">Ti\u1ec1n th\u00e2n c\u1ee7a C\u00f4ng ty C\u1ed5 ph\u1ea7n Ph\u00e1t tri\u1ec3n \u00a0\u00a0C\u00f4ng ngh\u1ec7 v\u00e0 Thi\u1ebft b\u1ecb M\u1ecf l\u00e0 C\u00f4ng ty T\u01b0 v\u1ea5n Chuy\u1ec3n giao C\u00f4ng ngh\u1ec7 M\u1ecf tr\u1ef1c thu\u1ed9c Vi\u1ec7n Khoa h\u1ecdc C\u00f4ng ngh\u1ec7 M\u1ecf \u0111\u01b0\u1ee3c h\u00ecnh th\u00e0nh tr\u00ean c\u01a1 s\u1edf s\u1eafp x\u1ebfp, chuy\u1ec3n \u0111\u1ed5i X\u00ed nghi\u1ec7p \u1ee8ng d\u1ee5ng v\u00e0 Chuy\u1ec3n giao C\u00f4ng ngh\u1ec7 m\u1edbi thu\u1ed9c Vi\u1ec7n KHCN M\u1ecf v\u00e0o ng\u00e0y 03\/3\/1999 v\u1edbi m\u1ee5c ti\u00eau g\u1eafn k\u1ebft qu\u1ea3 nghi\u00ean c\u1ee9u v\u1edbi th\u1ef1c t\u1ebf s\u1ea3n xu\u1ea5t, \u0111\u1ed3ng th\u1eddi t\u1ea1o m\u00f4i tr\u01b0\u1eddng th\u1ef1c nghi\u1ec7m cho c\u00e1c c\u00f4ng tr\u00ecnh nghi\u00ean c\u1ee9u. \u0110\u1ebfn th\u00e1ng 5 n\u0103m 2001, Trung t\u00e2m Th\u00ed nghi\u1ec7m Hi\u1ec7u ch\u1ec9nh \u0111i\u1ec7n v\u00e0 Thi\u1ebft b\u1ecb M\u1ecf s\u00e1p nh\u1eadp v\u00e0o C\u00f4ng ty \u0111\u1ed5i t\u00ean th\u00e0nh C\u00f4ng ty Ph\u00e1t tri\u1ec3n C\u00f4ng ngh\u1ec7 v\u00e0 Thi\u1ebft b\u1ecb M\u1ecf theo Quy\u1ebft \u0111\u1ecbnh s\u1ed1 1834\/Q\u0110-TCCB c\u1ee7a B\u1ed9 C\u00f4ng nghi\u1ec7p. \u0110\u1ebfn th\u00e1ng 6 n\u0103m 2012, C\u00f4ng ty chuy\u1ec3n \u0111\u1ed5i sang ho\u1ea1t \u0111\u1ed9ng theo m\u00f4 h\u00ecnh C\u00f4ng ty TNHH 1TV, \u0111\u1ed5i t\u00ean th\u00e0nh C\u00f4ng ty TNHH MTV Ph\u00e1t tri\u1ec3n C\u00f4ng ngh\u1ec7 v\u00e0 Thi\u1ebft b\u1ecb M\u1ecf, 100% v\u1ed1n Nh\u00e0 n\u01b0\u1edbc, ch\u1ee7 s\u1edf h\u1eefu l\u00e0 Vi\u1ec7n Khoa h\u1ecdc C\u00f4ng ngh\u1ec7 M\u1ecf.<\/p>\n<p style=\"text-align: justify;\">Sau h\u01a1n 1 n\u0103m ho\u1ea1t \u0111\u1ed9ng theo m\u00f4 h\u00ecnh c\u00f4ng ty TNHH MTV, C\u00f4ng ty \u0111\u00e3\u00a0 th\u1ef1c hi\u1ec7n c\u1ed5 ph\u1ea7n h\u00f3a v\u00e0 t\u1eeb ng\u00e0y 1\/10\/2014 tr\u1edf th\u00e0nh C\u00f4ng ty C\u1ed5 ph\u1ea7n Ph\u00e1t tri\u1ec3n C\u00f4ng ngh\u1ec7 v\u00e0 Thi\u1ebft b\u1ecb M\u1ecf cho \u0111\u1ebfn nay.<\/p>\n<p style=\"text-align: justify;\">Tr\u1ee5 s\u1edf ch\u00ednh c\u1ee7a C\u00f4ng ty t\u1ea1i s\u1ed1 3, ph\u1ed1 Phan \u0110\u00ecnh Gi\u00f3t, ph\u01b0\u1eddng Ph\u01b0\u01a1ng Li\u1ec7t, Th\u00e0nh ph\u1ed1 H\u00e0 N\u1ed9i, c\u00e1c c\u01a1 s\u1edf s\u1ea3n xu\u1ea5t kinh doanh bao g\u1ed3m: 342 Ng\u00f4 Gia T\u1ef1, ph\u01b0\u1eddng Vi\u1ec7t H\u01b0ng, Th\u00e0nh ph\u1ed1 H\u00e0 N\u1ed9i; khu s\u1ea3n xu\u1ea5t th\u1ef1c nghi\u1ec7m t\u1ea1i T\u1ed5 13 khu Tr\u01b0ng V\u01b0\u01a1ng, ph\u01b0\u1eddng V\u00e0ng Danh, t\u1ec9nh Qu\u1ea3ng Ninh; X\u01b0\u1edfng s\u1ea3n xu\u1ea5t b\u1ed9t Manhetit t\u1ea1i khu s\u1ea3n xu\u1ea5t v\u00e0 th\u1ef1c nghi\u1ec7m C\u1ea3ng \u0110i\u1ec1n C\u00f4ng, ph\u01b0\u1eddng U\u00f4ng B\u00ed, t\u1ec9nh Qu\u1ea3ng Ninh; V\u0103n ph\u00f2ng \u0110\u1ed9i TNHC 1 t\u1ea1i ph\u01b0\u1eddng C\u1eeda \u00d4ng, t\u1ec9nh Qu\u1ea3ng Ninh.<\/p>\n<p style=\"text-align: justify;\">L\u0129nh v\u1ef1c x\u01b0\u01a1ng s\u1ed1ng c\u1ee7a C\u00f4ng ty l\u00e0 ki\u1ec3m \u0111\u1ecbnh, TNHC v\u00e0 s\u1eeda ch\u1eefa c\u00e1c thi\u1ebft b\u1ecb \u0111i\u1ec7n v\u1edbi Ph\u00f2ng th\u00ed nghi\u1ec7m hi\u1ec7u chu\u1ea9n thi\u1ebft b\u1ecb \u0111i\u1ec7n c\u1ee7a C\u00f4ng ty \u0111\u1ea1t chu\u1ea9n ISO\/IEC 17025 \u0111\u01b0\u1ee3c c\u1ea5p ch\u1ee9ng nh\u1eadn VILAS s\u1ed1 534 l\u1ea7n \u0111\u1ea7u theo Quy\u1ebft \u0111\u1ecbnh s\u1ed118.2012\/Q\u0110-VPCNCL, ng\u00e0y 7 th\u00e1ng 2 n\u0103m 2012.\u00a0 H\u00e0ng n\u0103m PTN \u0111\u1ec1u\u00a0\u0111\u01b0\u1ee3c \u0111\u00e1nh gi\u00e1 gi\u00e1m s\u00e1t v\u00e0 duy tr\u00ec \u0111\u1ebfn hi\u1ec7n nay v\u1edbi danh m\u1ee5c 42 ph\u00e9p th\u1eed \u1edf l\u0129nh v\u1ef1c \u0111i\u1ec7n v\u00e0 05 ph\u00e9p th\u1eed \u1edf l\u0129nh v\u1ef1c h\u00f3a d\u1ea7u.<\/p>\n<p>H\u00e0ng n\u0103m C\u00f4ng ty th\u01b0\u1eddng xuy\u00ean \u0111\u1ea7u t\u01b0 c\u00e1c trang thi\u1ebft b\u1ecb hi\u1ec7n \u0111\u1ea1i ph\u1ee5c v\u1ee5 c\u00f4ng t\u00e1c th\u00ed nghi\u1ec7m, ki\u1ec3m \u0111\u1ecbnh\u00a0nh\u01b0: H\u1ee3p b\u1ed9 th\u00ed nghi\u1ec7m tr\u1ea1m bi\u1ebfn \u00e1p TRAX 220, m\u00e1y th\u1eed t\u0103ng cao ALT-120\/60, PTS-200F, c\u1ea7u \u0111o \u0111i\u1ec7n tr\u1edf ti\u1ebfp x\u00fac MOM 200A, RMO-200A, c\u1ea7u \u0111o \u0111i\u1ec7n tr\u1edf m\u1ed9t chi\u1ec1u RMO -25CT; c\u1ea7u \u0111o tang FT-12; h\u1ee3p b\u1ed9 t\u1ea1o d\u00f2ng ODEN -AT\/2H; thi\u1ebft b\u1ecb ki\u1ec3m tra r\u01a1le k\u1ef9 thu\u1eadt s\u1ed1 Sverker 760, CMC 356, PTE \u2026<\/p>\n<p><img loading=\"lazy\" class=\"alignnone wp-image-126574 size-full\" src=\"https:\/\/imsat.vn\/wp-content\/uploads\/2025\/08\/1.1.-DH-CD_-2024_1-DSC_1517-scaled.jpg\" alt=\"\" width=\"2560\" height=\"1355\" srcset=\"https:\/\/imsat.vn\/wp-content\/uploads\/2025\/08\/1.1.-DH-CD_-2024_1-DSC_1517-scaled.jpg 2560w, https:\/\/imsat.vn\/wp-content\/uploads\/2025\/08\/1.1.-DH-CD_-2024_1-DSC_1517-300x159.jpg 300w, https:\/\/imsat.vn\/wp-content\/uploads\/2025\/08\/1.1.-DH-CD_-2024_1-DSC_1517-1024x542.jpg 1024w, https:\/\/imsat.vn\/wp-content\/uploads\/2025\/08\/1.1.-DH-CD_-2024_1-DSC_1517-768x407.jpg 768w, https:\/\/imsat.vn\/wp-content\/uploads\/2025\/08\/1.1.-DH-CD_-2024_1-DSC_1517-1536x813.jpg 1536w, https:\/\/imsat.vn\/wp-content\/uploads\/2025\/08\/1.1.-DH-CD_-2024_1-DSC_1517-2048x1084.jpg 2048w\" sizes=\"(max-width: 2560px) 100vw, 2560px\" \/><\/p>\n<p style=\"text-align: center;\"><em>\u0110\u1ea1i h\u1ed9i \u0111\u1ed3ng c\u1ed5 \u0111\u00f4ng<\/em> <em>C\u00f4ng ty, n\u0103m 2024<\/em><\/p>\n<p><strong>Ch\u1ee9c n\u0103ng, nhi\u1ec7m v\u1ee5:<\/strong><\/p>\n<p style=\"text-align: justify;\">&#8211; Th\u00ed nghi\u1ec7m thi\u1ebft b\u1ecb \u0111i\u1ec7n c\u00f3 c\u1ea5p \u0111i\u1ec7n \u00e1p \u0111\u1ebfn 220kV; \u00a0Th\u00ed nghi\u1ec7m, ki\u1ec3m \u0111\u1ecbnh, hi\u1ec7u ch\u1ec9nh v\u00e0 ki\u1ec3m tra thi\u1ebft b\u1ecb \u0111i\u1ec7n ph\u00f2ng n\u1ed5 d\u00f9ng trong h\u1ea7m l\u00f2;<\/p>\n<p style=\"text-align: justify;\">&#8211; \u1ee8ng d\u1ee5ng, chuy\u1ec3n giao c\u00f4ng ngh\u1ec7 v\u00e0 t\u1ed5 ch\u1ee9c s\u1ea3n xu\u1ea5t t\u1eeb k\u1ebft qu\u1ea3 nghi\u00ean c\u1ee9u khoa h\u1ecdc trong c\u00e1c l\u0129nh v\u1ef1c c\u00f4ng nghi\u1ec7p m\u1ecf, kho\u00e1ng s\u1ea3n, luy\u1ec7n kim, x\u00e2y d\u1ef1ng, s\u00e0ng tuy\u1ec3n, c\u01a1 kh\u00ed, \u0111i\u1ec7n t\u1ef1 \u0111\u1ed9ng, thi\u1ebft b\u1ecb m\u1ecf, th\u00f4ng tin li\u00ean l\u1ea1c;<\/p>\n<p style=\"text-align: justify;\">&#8211; S\u1eeda ch\u1eefa l\u1edbn, l\u1eafp r\u00e1p thi\u1ebft b\u1ecb \u0111i\u1ec7n, x\u00e2y l\u1eafp c\u00e1c c\u00f4ng tr\u00ecnh \u0111i\u1ec7n nh\u01b0: C\u00e1c t\u1ee7 \u0111i\u1ec7n, l\u1eafp \u0111\u1eb7t c\u00e1c tr\u1ea1m bi\u1ebfn \u00e1p, ch\u1ebf t\u1ea1o c\u00e1c t\u1ee7 \u0111i\u1ec7n cao th\u1ebf \u0111\u1ea3m b\u1ea3o theo ti\u00eau chu\u1ea9n Vi\u1ec7t Nam; x\u00e2y l\u1eafp c\u00e1c tr\u1ea1m bi\u1ebfn \u00e1p (TBA), c\u00e1c \u0111\u01b0\u1eddng d\u00e2y t\u1ea3i \u0111i\u1ec7n c\u00f3 c\u1ea5p \u0111i\u1ec7n \u00e1p \u0111\u1ebfn 220kV;<\/p>\n<p style=\"text-align: justify;\">&#8211; S\u1eeda ch\u1eefa c\u00e1c thi\u1ebft b\u1ecb m\u1ecf, s\u1ea3n ph\u1ea9m c\u01a1 kh\u00ed, thi\u1ebft b\u1ecb \u0111i\u1ec7n v\u00e0 \u0111i\u1ec7n m\u1ecf;<\/p>\n<p style=\"text-align: justify;\">&#8211; Thi\u1ebft k\u1ebf h\u1ec7 th\u1ed1ng \u0111i\u1ec7n, h\u1ec7 th\u1ed1ng \u0111i\u1ec1u khi\u1ec3n, \u0111i\u1ec7n t\u1ef1 \u0111\u1ed9ng h\u00f3a c\u00f4ng tr\u00ecnh c\u00f4ng nghi\u1ec7p, khai th\u00e1c m\u1ecf; Thi\u1ebft k\u1ebf h\u1ec7 th\u1ed1ng \u0111i\u1ec7n c\u00f4ng tr\u00ecnh d\u00e2n d\u1ee5ng v\u00e0 c\u00f4ng nghi\u1ec7p;<\/p>\n<p style=\"text-align: justify;\">&#8211; S\u1ea3n xu\u1ea5t, kinh doanh b\u1ed9t manh\u00eat\u00edt m\u1ecbn v\u00e0 si\u00eau m\u1ecbn;<\/p>\n<p style=\"text-align: justify;\">&#8211; S\u1ea3n xu\u1ea5t, kinh doanh ch\u1ea5t d\u1ebbo ph\u1ee5c v\u1ee5 c\u00f4ng t\u00e1c ch\u1ed1ng gi\u1eef l\u00f2;<\/p>\n<p style=\"text-align: justify;\">&#8211; Kinh doanh v\u1eadt t\u01b0 &#8211; th\u01b0\u01a1ng m\u1ea1i.<\/p>\n<p><img loading=\"lazy\" class=\"aligncenter wp-image-126586 size-full\" src=\"https:\/\/imsat.vn\/wp-content\/uploads\/2025\/08\/1.-6.-TL-Cty_-2024_-1-DSC_1143.jpg\" alt=\"\" width=\"2329\" height=\"1213\" srcset=\"https:\/\/imsat.vn\/wp-content\/uploads\/2025\/08\/1.-6.-TL-Cty_-2024_-1-DSC_1143.jpg 2329w, https:\/\/imsat.vn\/wp-content\/uploads\/2025\/08\/1.-6.-TL-Cty_-2024_-1-DSC_1143-300x156.jpg 300w, https:\/\/imsat.vn\/wp-content\/uploads\/2025\/08\/1.-6.-TL-Cty_-2024_-1-DSC_1143-1024x533.jpg 1024w, https:\/\/imsat.vn\/wp-content\/uploads\/2025\/08\/1.-6.-TL-Cty_-2024_-1-DSC_1143-768x400.jpg 768w, https:\/\/imsat.vn\/wp-content\/uploads\/2025\/08\/1.-6.-TL-Cty_-2024_-1-DSC_1143-1536x800.jpg 1536w, https:\/\/imsat.vn\/wp-content\/uploads\/2025\/08\/1.-6.-TL-Cty_-2024_-1-DSC_1143-2048x1067.jpg 2048w\" sizes=\"(max-width: 2329px) 100vw, 2329px\" \/><\/p>\n<p style=\"margin: 0cm; margin-bottom: .0001pt; text-align: center; text-indent: 36.0pt; background: white;\" align=\"center\"><em><span style=\"font-size: 14.0pt; background: white;\">\u0110\u1ea1i di\u1ec7n l\u00e3nh \u0111\u1ea1o T\u1eadp \u0111o\u00e0n TKV v\u00e0 Vi\u1ec7n KHCN M\u1ecf <\/span><\/em><\/p>\n<p style=\"margin: 0cm; margin-bottom: .0001pt; text-align: center; text-indent: 36.0pt; background: white;\" align=\"center\"><em><span style=\"font-size: 14.0pt; background: white;\">trao b\u1eb1ng khen c\u1ee7a UBQL v\u1ed1n Nh\u00e0 n\u01b0\u1edbc t\u1ea1i doanh nghi\u1ec7p cho C\u00f4ng ty <\/span><\/em><\/p>\n<p style=\"margin: 0cm; margin-bottom: .0001pt; text-align: center; text-indent: 36.0pt; background: white;\" align=\"center\"><em><span style=\"font-size: 14.0pt; background: white;\">nh\u00e2n d\u1ecbp 25 n\u0103m ng\u00e0y th\u00e0nh l\u1eadp (03\/3\/1999 \u2013 03\/3\/2024).<\/span><\/em><\/p>\n<p><img loading=\"lazy\" class=\"aligncenter wp-image-126576 size-full\" src=\"https:\/\/imsat.vn\/wp-content\/uploads\/2025\/08\/3.-CTy-_-CSWeb-_-2025_-1-image010.jpg\" alt=\"\" width=\"670\" height=\"365\" srcset=\"https:\/\/imsat.vn\/wp-content\/uploads\/2025\/08\/3.-CTy-_-CSWeb-_-2025_-1-image010.jpg 670w, https:\/\/imsat.vn\/wp-content\/uploads\/2025\/08\/3.-CTy-_-CSWeb-_-2025_-1-image010-300x163.jpg 300w\" sizes=\"(max-width: 670px) 100vw, 670px\" \/><\/p>\n<p style=\"text-align: center;\"><em>Th\u00ed nghi\u1ec7m hi\u1ec7u ch\u1ec9nh thi\u1ebft b\u1ecb \u0111i\u1ec7n t\u1ea1i hi\u1ec7n tr\u01b0\u1eddng <\/em><\/p>\n<p><img loading=\"lazy\" class=\"aligncenter wp-image-126578 size-full\" src=\"https:\/\/imsat.vn\/wp-content\/uploads\/2025\/08\/3.-CTy-_-CSWeb-_-2025_-1-image009.jpg\" alt=\"\" width=\"649\" height=\"488\" srcset=\"https:\/\/imsat.vn\/wp-content\/uploads\/2025\/08\/3.-CTy-_-CSWeb-_-2025_-1-image009.jpg 649w, https:\/\/imsat.vn\/wp-content\/uploads\/2025\/08\/3.-CTy-_-CSWeb-_-2025_-1-image009-300x226.jpg 300w\" sizes=\"(max-width: 649px) 100vw, 649px\" \/><\/p>\n<p style=\"text-align: center;\"><em>Th\u00ed nghi\u1ec7m hi\u1ec7u ch\u1ec9nh thi\u1ebft b\u1ecb \u0111i\u1ec7n t\u1ea1i hi\u1ec7n tr\u01b0\u1eddng<\/em><\/p>\n<p><img loading=\"lazy\" class=\"aligncenter wp-image-126580 size-full\" src=\"https:\/\/imsat.vn\/wp-content\/uploads\/2025\/08\/5.-CTy-_-CSWeb-_-2025_-1-image011.jpg\" alt=\"\" width=\"647\" height=\"471\" srcset=\"https:\/\/imsat.vn\/wp-content\/uploads\/2025\/08\/5.-CTy-_-CSWeb-_-2025_-1-image011.jpg 647w, https:\/\/imsat.vn\/wp-content\/uploads\/2025\/08\/5.-CTy-_-CSWeb-_-2025_-1-image011-300x218.jpg 300w\" sizes=\"(max-width: 647px) 100vw, 647px\" \/><\/p>\n<p style=\"text-align: center;\"><em>Trong ph\u00f2ng th\u00ed nghi\u1ec7m <\/em><\/p>\n<p><img loading=\"lazy\" class=\"aligncenter wp-image-126582 size-full\" src=\"https:\/\/imsat.vn\/wp-content\/uploads\/2025\/08\/6.-CTy-_-CSWeb-_-2025_-1-image012.jpg\" alt=\"\" width=\"647\" height=\"487\" srcset=\"https:\/\/imsat.vn\/wp-content\/uploads\/2025\/08\/6.-CTy-_-CSWeb-_-2025_-1-image012.jpg 647w, https:\/\/imsat.vn\/wp-content\/uploads\/2025\/08\/6.-CTy-_-CSWeb-_-2025_-1-image012-300x226.jpg 300w\" sizes=\"(max-width: 647px) 100vw, 647px\" \/><\/p>\n<p style=\"text-align: center;\"><em>X\u01b0\u1edfng s\u1ea3n xu\u1ea5t <\/em><\/p>\n<p><strong>M\u1ed9t s\u1ed1 th\u00e0nh t\u00edch n\u1ed5i b\u1eadt:<\/strong><\/p>\n<p style=\"text-align: justify;\">M\u1ed7i n\u0103m, C\u00f4ng ty th\u1ef1c hi\u1ec7n h\u00e0ng tr\u0103m c\u00f4ng tr\u00ecnh th\u00ed nghi\u1ec7m, hi\u1ec7u chu\u1ea9n, s\u1eeda ch\u1eefa thi\u1ebft b\u1ecb \u0111i\u1ec7n, x\u00e2y l\u1eafp c\u00f4ng tr\u00ecnh \u0111i\u1ec7n, trong \u0111\u00f3 c\u00f3 c\u1ea3 nh\u1eefng c\u00f4ng tr\u00ecnh c\u00f3 c\u1ea5p \u0111i\u1ec7n \u00e1p \u0111\u1ebfn 110 kV, nhi\u1ec1u thi\u1ebft b\u1ecb \u0111i\u1ec7n c\u00f3 c\u00f4ng su\u1ea5t l\u1edbn trong h\u1ea7m l\u00f2, cho nhi\u1ec1u \u0111\u01a1n v\u1ecb trong v\u00e0 ngo\u00e0i TKV, k\u1ec3 c\u1ea3 c\u00e1c nh\u00e0 m\u00e1y nhi\u1ec7t \u0111i\u1ec7n, nh\u00e0 m\u00e1y xi m\u0103ng, nh\u00e0 m\u00e1y tuy\u1ec3n bauxit, luy\u1ec7n alumin T\u00e2n Rai, Nh\u00e2n C\u01a1. H\u00e0ng n\u0103m, s\u1ea3n xu\u1ea5t v\u00e0 ti\u00eau th\u1ee5 g\u1ea7n 10 ng\u00e0n t\u1ea5n b\u1ed9t Manhetit m\u1ecbn v\u00e0 si\u00eau m\u1ecbn, s\u1ea3n xu\u1ea5t v\u00e0 cung c\u1ea5p h\u00e0ng ng\u00e0n th\u1ecfi ch\u1ea5t d\u1ebbo, s\u1eed d\u1ee5ng trong ch\u1ed1ng l\u00f2 b\u1eb1ng v\u00ec neo ch\u1ea5t d\u1ebbo.<\/p>\n<p><strong>C\u00e1c ph\u1ea7n th\u01b0\u1edfng \u0111\u01b0\u1ee3c trao t\u1eb7ng:\u00a0<\/strong><\/p>\n<p>Hu\u00e2n ch\u01b0\u01a1ng Lao \u0111\u1ed9ng h\u1ea1ng Ba, n\u0103m 2008. B\u1eb1ng khen c\u1ee7a Th\u1ee7 t\u01b0\u1edbng Ch\u00ednh ph\u1ee7, n\u0103m\u00a02007. B\u1eb1ng khen c\u1ee7a B\u1ed9 C\u00f4ng nghi\u1ec7p, c\u00e1c n\u0103m 2005, 2006. B\u1eb1ng khen c\u1ee7a B\u1ed9 C\u00f4ng th\u01b0\u01a1ng, c\u00e1c n\u0103m 2012, 2016, 2019. B\u1eb1ng khen c\u1ee7a \u1ee6y ban Qu\u1ea3n l\u00fd v\u1ed1n, n\u0103m 2022 v\u00e0 nhi\u1ec1u ph\u1ea7n th\u01b0\u1edfng, danh hi\u1ec7u cao qu\u00fd kh\u00e1c.<\/p>\n<p>&nbsp;<\/p>\n","protected":false},"excerpt":{"rendered":"<p>&nbsp; &nbsp; C\u00d4NG TY C\u1ed4 PH\u1ea6N PH\u00c1T TRI\u1ec2N C\u00d4NG NGH\u1ec6 V\u00c0 THI\u1ebeT B\u1eca M\u1ece: Gi\u00e1m \u0111\u1ed1c: ThS. Ph\u1ea1m Quang H\u01b0\u1eddng; Ph\u00f3 Gi\u00e1m \u0111\u1ed1c: ThS. Ph\u00f9ng Thu; \u0110i\u1ec7n tho\u1ea1i: 024 38647871; Email: cpctm.vimsat@gmail.com; Tr\u1ee5 s\u1edf l\u00e0m vi\u1ec7c: S\u1ed1 3, ph\u1ed1 Phan \u0110\u00ecnh Gi\u00f3t \u2013 Th\u00e0nh ph\u1ed1 H\u00e0 N\u1ed9i. Qu\u00e1 tr\u00ecnh x\u00e2y d\u1ef1ng v\u00e0 ph\u00e1t tri\u1ec3n: Ti\u1ec1n [&hellip;]<\/p>\n","protected":false},"author":2,"featured_media":126806,"parent":35,"menu_order":0,"comment_status":"closed","ping_status":"closed","template":"","meta":[],"yoast_head":"<!-- This site is optimized with the Yoast SEO plugin v18.2 - https:\/\/yoast.com\/wordpress\/plugins\/seo\/ -->\n<title>C\u00f4ng ty li\u00ean k\u1ebft - Vi\u1ec7n Khoa h\u1ecdc C\u00f4ng ngh\u1ec7 M\u1ecf - Vinacomin<\/title>\n<meta name=\"robots\" content=\"index, follow, max-snippet:-1, max-image-preview:large, max-video-preview:-1\" \/>\n<link rel=\"canonical\" href=\"https:\/\/imsat.vn\/?page_id=108871\" \/>\n<meta property=\"og:locale\" content=\"vi_VN\" \/>\n<meta property=\"og:type\" content=\"article\" \/>\n<meta property=\"og:title\" content=\"C\u00f4ng ty li\u00ean k\u1ebft - Vi\u1ec7n Khoa h\u1ecdc C\u00f4ng ngh\u1ec7 M\u1ecf - Vinacomin\" \/>\n<meta property=\"og:description\" content=\"&nbsp; &nbsp; C\u00d4NG TY C\u1ed4 PH\u1ea6N PH\u00c1T TRI\u1ec2N C\u00d4NG NGH\u1ec6 V\u00c0 THI\u1ebeT B\u1eca M\u1ece: Gi\u00e1m \u0111\u1ed1c: ThS. Ph\u1ea1m Quang H\u01b0\u1eddng; Ph\u00f3 Gi\u00e1m \u0111\u1ed1c: ThS. Ph\u00f9ng Thu; \u0110i\u1ec7n tho\u1ea1i: 024 38647871; Email: cpctm.vimsat@gmail.com; Tr\u1ee5 s\u1edf l\u00e0m vi\u1ec7c: S\u1ed1 3, ph\u1ed1 Phan \u0110\u00ecnh Gi\u00f3t \u2013 Th\u00e0nh ph\u1ed1 H\u00e0 N\u1ed9i. Qu\u00e1 tr\u00ecnh x\u00e2y d\u1ef1ng v\u00e0 ph\u00e1t tri\u1ec3n: Ti\u1ec1n [&hellip;]\" \/>\n<meta property=\"og:url\" content=\"https:\/\/imsat.vn\/?page_id=108871\" \/>\n<meta property=\"og:site_name\" content=\"Vi\u1ec7n Khoa h\u1ecdc C\u00f4ng ngh\u1ec7 M\u1ecf - Vinacomin\" \/>\n<meta property=\"article:modified_time\" content=\"2026-01-14T01:33:59+00:00\" \/>\n<meta property=\"og:image\" content=\"https:\/\/imsat.vn\/wp-content\/uploads\/2025\/08\/1.-6-cty-bop.jpg\" \/>\n\t<meta property=\"og:image:width\" content=\"1887\" \/>\n\t<meta property=\"og:image:height\" content=\"997\" \/>\n\t<meta property=\"og:image:type\" content=\"image\/jpeg\" \/>\n<meta name=\"twitter:card\" content=\"summary_large_image\" \/>\n<script type=\"application\/ld+json\" class=\"yoast-schema-graph\">{\"@context\":\"https:\/\/schema.org\",\"@graph\":[{\"@type\":[\"Person\",\"Organization\"],\"@id\":\"https:\/\/imsat.vn\/#\/schema\/person\/89fc24c8dc721bd3aac0eda6ec581513\",\"name\":\"admin\",\"image\":{\"@type\":\"ImageObject\",\"@id\":\"https:\/\/imsat.vn\/#personlogo\",\"inLanguage\":\"vi-VN\",\"url\":\"https:\/\/secure.gravatar.com\/avatar\/64e1b8d34f425d19e1ee2ea7236d3028?s=96&d=mm&r=g\",\"contentUrl\":\"https:\/\/secure.gravatar.com\/avatar\/64e1b8d34f425d19e1ee2ea7236d3028?s=96&d=mm&r=g\",\"caption\":\"admin\"},\"logo\":{\"@id\":\"https:\/\/imsat.vn\/#personlogo\"},\"sameAs\":[\"https:\/\/imsat.vn\/\"]},{\"@type\":\"WebSite\",\"@id\":\"https:\/\/imsat.vn\/#website\",\"url\":\"https:\/\/imsat.vn\/\",\"name\":\"Vi\u1ec7n Khoa h\u1ecdc C\u00f4ng ngh\u1ec7 M\u1ecf - Vinacomin\",\"description\":\"\",\"publisher\":{\"@id\":\"https:\/\/imsat.vn\/#\/schema\/person\/89fc24c8dc721bd3aac0eda6ec581513\"},\"potentialAction\":[{\"@type\":\"SearchAction\",\"target\":{\"@type\":\"EntryPoint\",\"urlTemplate\":\"https:\/\/imsat.vn\/?s={search_term_string}\"},\"query-input\":\"required name=search_term_string\"}],\"inLanguage\":\"vi-VN\"},{\"@type\":\"ImageObject\",\"@id\":\"https:\/\/imsat.vn\/?page_id=108871#primaryimage\",\"inLanguage\":\"vi-VN\",\"url\":\"https:\/\/imsat.vn\/wp-content\/uploads\/2025\/08\/1.-6-cty-bop.jpg\",\"contentUrl\":\"https:\/\/imsat.vn\/wp-content\/uploads\/2025\/08\/1.-6-cty-bop.jpg\",\"width\":1887,\"height\":997},{\"@type\":\"WebPage\",\"@id\":\"https:\/\/imsat.vn\/?page_id=108871#webpage\",\"url\":\"https:\/\/imsat.vn\/?page_id=108871\",\"name\":\"C\u00f4ng ty li\u00ean k\u1ebft - Vi\u1ec7n Khoa h\u1ecdc C\u00f4ng ngh\u1ec7 M\u1ecf - Vinacomin\",\"isPartOf\":{\"@id\":\"https:\/\/imsat.vn\/#website\"},\"primaryImageOfPage\":{\"@id\":\"https:\/\/imsat.vn\/?page_id=108871#primaryimage\"},\"datePublished\":\"2025-08-06T08:18:09+00:00\",\"dateModified\":\"2026-01-14T01:33:59+00:00\",\"breadcrumb\":{\"@id\":\"https:\/\/imsat.vn\/?page_id=108871#breadcrumb\"},\"inLanguage\":\"vi-VN\",\"potentialAction\":[{\"@type\":\"ReadAction\",\"target\":[\"https:\/\/imsat.vn\/?page_id=108871\"]}]},{\"@type\":\"BreadcrumbList\",\"@id\":\"https:\/\/imsat.vn\/?page_id=108871#breadcrumb\",\"itemListElement\":[{\"@type\":\"ListItem\",\"position\":1,\"name\":\"Trang ch\u1ee7\",\"item\":\"https:\/\/imsat.vn\/\"},{\"@type\":\"ListItem\",\"position\":2,\"name\":\"Gi\u1edbi thi\u1ec7u\",\"item\":\"https:\/\/imsat.vn\/?page_id=35\"},{\"@type\":\"ListItem\",\"position\":3,\"name\":\"C\u00f4ng ty li\u00ean k\u1ebft\"}]}]}<\/script>\n<!-- \/ Yoast SEO plugin. -->","yoast_head_json":{"title":"C\u00f4ng ty li\u00ean k\u1ebft - Vi\u1ec7n Khoa h\u1ecdc C\u00f4ng ngh\u1ec7 M\u1ecf - Vinacomin","robots":{"index":"index","follow":"follow","max-snippet":"max-snippet:-1","max-image-preview":"max-image-preview:large","max-video-preview":"max-video-preview:-1"},"canonical":"https:\/\/imsat.vn\/?page_id=108871","og_locale":"vi_VN","og_type":"article","og_title":"C\u00f4ng ty li\u00ean k\u1ebft - Vi\u1ec7n Khoa h\u1ecdc C\u00f4ng ngh\u1ec7 M\u1ecf - Vinacomin","og_description":"&nbsp; &nbsp; C\u00d4NG TY C\u1ed4 PH\u1ea6N PH\u00c1T TRI\u1ec2N C\u00d4NG NGH\u1ec6 V\u00c0 THI\u1ebeT B\u1eca M\u1ece: Gi\u00e1m \u0111\u1ed1c: ThS. Ph\u1ea1m Quang H\u01b0\u1eddng; Ph\u00f3 Gi\u00e1m \u0111\u1ed1c: ThS. Ph\u00f9ng Thu; \u0110i\u1ec7n tho\u1ea1i: 024 38647871; Email: cpctm.vimsat@gmail.com; Tr\u1ee5 s\u1edf l\u00e0m vi\u1ec7c: S\u1ed1 3, ph\u1ed1 Phan \u0110\u00ecnh Gi\u00f3t \u2013 Th\u00e0nh ph\u1ed1 H\u00e0 N\u1ed9i. Qu\u00e1 tr\u00ecnh x\u00e2y d\u1ef1ng v\u00e0 ph\u00e1t tri\u1ec3n: Ti\u1ec1n [&hellip;]","og_url":"https:\/\/imsat.vn\/?page_id=108871","og_site_name":"Vi\u1ec7n Khoa h\u1ecdc C\u00f4ng ngh\u1ec7 M\u1ecf - Vinacomin","article_modified_time":"2026-01-14T01:33:59+00:00","og_image":[{"width":1887,"height":997,"url":"https:\/\/imsat.vn\/wp-content\/uploads\/2025\/08\/1.-6-cty-bop.jpg","type":"image\/jpeg"}],"twitter_card":"summary_large_image","schema":{"@context":"https:\/\/schema.org","@graph":[{"@type":["Person","Organization"],"@id":"https:\/\/imsat.vn\/#\/schema\/person\/89fc24c8dc721bd3aac0eda6ec581513","name":"admin","image":{"@type":"ImageObject","@id":"https:\/\/imsat.vn\/#personlogo","inLanguage":"vi-VN","url":"https:\/\/secure.gravatar.com\/avatar\/64e1b8d34f425d19e1ee2ea7236d3028?s=96&d=mm&r=g","contentUrl":"https:\/\/secure.gravatar.com\/avatar\/64e1b8d34f425d19e1ee2ea7236d3028?s=96&d=mm&r=g","caption":"admin"},"logo":{"@id":"https:\/\/imsat.vn\/#personlogo"},"sameAs":["https:\/\/imsat.vn\/"]},{"@type":"WebSite","@id":"https:\/\/imsat.vn\/#website","url":"https:\/\/imsat.vn\/","name":"Vi\u1ec7n Khoa h\u1ecdc C\u00f4ng ngh\u1ec7 M\u1ecf - Vinacomin","description":"","publisher":{"@id":"https:\/\/imsat.vn\/#\/schema\/person\/89fc24c8dc721bd3aac0eda6ec581513"},"potentialAction":[{"@type":"SearchAction","target":{"@type":"EntryPoint","urlTemplate":"https:\/\/imsat.vn\/?s={search_term_string}"},"query-input":"required name=search_term_string"}],"inLanguage":"vi-VN"},{"@type":"ImageObject","@id":"https:\/\/imsat.vn\/?page_id=108871#primaryimage","inLanguage":"vi-VN","url":"https:\/\/imsat.vn\/wp-content\/uploads\/2025\/08\/1.-6-cty-bop.jpg","contentUrl":"https:\/\/imsat.vn\/wp-content\/uploads\/2025\/08\/1.-6-cty-bop.jpg","width":1887,"height":997},{"@type":"WebPage","@id":"https:\/\/imsat.vn\/?page_id=108871#webpage","url":"https:\/\/imsat.vn\/?page_id=108871","name":"C\u00f4ng ty li\u00ean k\u1ebft - Vi\u1ec7n Khoa h\u1ecdc C\u00f4ng ngh\u1ec7 M\u1ecf - Vinacomin","isPartOf":{"@id":"https:\/\/imsat.vn\/#website"},"primaryImageOfPage":{"@id":"https:\/\/imsat.vn\/?page_id=108871#primaryimage"},"datePublished":"2025-08-06T08:18:09+00:00","dateModified":"2026-01-14T01:33:59+00:00","breadcrumb":{"@id":"https:\/\/imsat.vn\/?page_id=108871#breadcrumb"},"inLanguage":"vi-VN","potentialAction":[{"@type":"ReadAction","target":["https:\/\/imsat.vn\/?page_id=108871"]}]},{"@type":"BreadcrumbList","@id":"https:\/\/imsat.vn\/?page_id=108871#breadcrumb","itemListElement":[{"@type":"ListItem","position":1,"name":"Trang ch\u1ee7","item":"https:\/\/imsat.vn\/"},{"@type":"ListItem","position":2,"name":"Gi\u1edbi thi\u1ec7u","item":"https:\/\/imsat.vn\/?page_id=35"},{"@type":"ListItem","position":3,"name":"C\u00f4ng ty li\u00ean k\u1ebft"}]}]}},"_links":{"self":[{"href":"https:\/\/imsat.vn\/index.php?rest_route=\/wp\/v2\/pages\/108871"}],"collection":[{"href":"https:\/\/imsat.vn\/index.php?rest_route=\/wp\/v2\/pages"}],"about":[{"href":"https:\/\/imsat.vn\/index.php?rest_route=\/wp\/v2\/types\/page"}],"author":[{"embeddable":true,"href":"https:\/\/imsat.vn\/index.php?rest_route=\/wp\/v2\/users\/2"}],"replies":[{"embeddable":true,"href":"https:\/\/imsat.vn\/index.php?rest_route=%2Fwp%2Fv2%2Fcomments&post=108871"}],"version-history":[{"count":18,"href":"https:\/\/imsat.vn\/index.php?rest_route=\/wp\/v2\/pages\/108871\/revisions"}],"predecessor-version":[{"id":127675,"href":"https:\/\/imsat.vn\/index.php?rest_route=\/wp\/v2\/pages\/108871\/revisions\/127675"}],"up":[{"embeddable":true,"href":"https:\/\/imsat.vn\/index.php?rest_route=\/wp\/v2\/pages\/35"}],"wp:featuredmedia":[{"embeddable":true,"href":"https:\/\/imsat.vn\/index.php?rest_route=\/wp\/v2\/media\/126806"}],"wp:attachment":[{"href":"https:\/\/imsat.vn\/index.php?rest_route=%2Fwp%2Fv2%2Fmedia&parent=108871"}],"curies":[{"name":"wp","href":"https:\/\/api.w.org\/{rel}","templated":true}]}}