{"id":48,"date":"2021-08-29T18:18:21","date_gmt":"2021-08-29T11:18:21","guid":{"rendered":"http:\/\/hocvienmo.thietkewebquangninh.vn?page_id=48"},"modified":"2024-02-28T09:48:35","modified_gmt":"2024-02-28T02:48:35","slug":"videos","status":"publish","type":"page","link":"https:\/\/imsat.vn\/?page_id=48","title":{"rendered":"Videos"},"content":{"rendered":"\t\t<div data-elementor-type=\"wp-page\" data-elementor-id=\"48\" class=\"elementor elementor-48\" data-elementor-settings=\"[]\">\n\t\t\t\t\t\t\t<div class=\"elementor-section-wrap\">\n\t\t\t\t\t\t\t<section class=\"elementor-section elementor-top-section elementor-element elementor-element-db51f87 elementor-section-stretched elementor-section-boxed elementor-section-height-default elementor-section-height-default\" data-id=\"db51f87\" data-element_type=\"section\" data-settings=\"{&quot;stretch_section&quot;:&quot;section-stretched&quot;,&quot;background_background&quot;:&quot;classic&quot;}\">\n\t\t\t\t\t\t<div class=\"elementor-container elementor-column-gap-default\">\n\t\t\t\t\t<div class=\"elementor-column elementor-col-100 elementor-top-column elementor-element elementor-element-6f4f6a0\" data-id=\"6f4f6a0\" data-element_type=\"column\" data-settings=\"{&quot;background_background&quot;:&quot;classic&quot;}\">\n\t\t\t<div class=\"elementor-widget-wrap elementor-element-populated\">\n\t\t\t\t\t\t\t\t<div class=\"elementor-element elementor-element-6a57f7b elementor-widget elementor-widget-mailyspa-videos\" data-id=\"6a57f7b\" data-element_type=\"widget\" data-widget_type=\"mailyspa-videos.default\">\n\t\t\t\t<div class=\"elementor-widget-container\">\n\t\t\t        <div class=\"elementor-video-wrapper\">\r\n            <div class=\"row\" data-elementor-columns=\"3\" data-elementor-columns-tablet=\"1\" data-elementor-columns-mobile=\"1\">\r\n\r\n                        <div class=\"column-item\">\r\n            <a class=\"item\" rel=\"prettyPhoto[pp_gal126899]\" data-id=\"126899\" href=\"https:\/\/www.youtube.com\/watch?v=LClMQWaVu8o\">\r\n                <div class=\"bg\" style=\"background-image: url(https:\/\/img.youtube.com\/vi\/LClMQWaVu8o\/mqdefault.jpg);\">\r\n                    <div class=\"icon-play\"><img src=\"https:\/\/imsat.vn\/wp-content\/themes\/imsat\/assets\/images\/play.png\"><\/div>\r\n                    <div class=\"bg-hover\"><\/div>\r\n                <\/div>\r\n                <div class=\"text\">\r\n                    <div class=\"title\">Phim t\u00e0i li\u1ec7u: TKV &#8211; Ni\u1ec1m t\u1ef1 h\u00e0o c\u1ee7a Ng\u00e0nh C\u00f4ng nghi\u1ec7p n\u0103ng l\u01b0\u1ee3ng Vi\u1ec7t Nam<\/div>\r\n                <\/div>\r\n            <\/a>\r\n        <\/div>\r\n                <div class=\"column-item\">\r\n            <a class=\"item\" rel=\"prettyPhoto[pp_gal125867]\" data-id=\"125867\" href=\"https:\/\/www.youtube.com\/watch?v=BIQsITJ8JbQ\">\r\n                <div class=\"bg\" style=\"background-image: url(https:\/\/imsat.vn\/wp-content\/uploads\/2025\/04\/Chu-tich-HDTV-Ngo-Hoang-Ngan-tiep-va-lam-viec-voi-Cong-ty-Carbo-Automatika-Ba-Lan-300x169.jpg);\">\r\n                    <div class=\"icon-play\"><img src=\"https:\/\/imsat.vn\/wp-content\/themes\/imsat\/assets\/images\/play.png\"><\/div>\r\n                    <div class=\"bg-hover\"><\/div>\r\n                <\/div>\r\n                <div class=\"text\">\r\n                    <div class=\"title\">Ch\u1ee7 t\u1ecbch H\u0110TV Ng\u00f4 Ho\u00e0ng Ng\u00e2n ti\u1ebfp v\u00e0 l\u00e0m vi\u1ec7c v\u1edbi c\u00e1c chuy\u00ean gia Carboautomatyka, n\u0103m 2025<\/div>\r\n                <\/div>\r\n            <\/a>\r\n        <\/div>\r\n                <div class=\"column-item\">\r\n            <a class=\"item\" rel=\"prettyPhoto[pp_gal125622]\" data-id=\"125622\" href=\"https:\/\/www.youtube.com\/watch?v=2fsw_O6DZVE\">\r\n                <div class=\"bg\" style=\"background-image: url(https:\/\/imsat.vn\/wp-content\/uploads\/2025\/01\/5.-TK-_-2024_1-DSC_4483-300x172.jpg);\">\r\n                    <div class=\"icon-play\"><img src=\"https:\/\/imsat.vn\/wp-content\/themes\/imsat\/assets\/images\/play.png\"><\/div>\r\n                    <div class=\"bg-hover\"><\/div>\r\n                <\/div>\r\n                <div class=\"text\">\r\n                    <div class=\"title\">Vi\u1ec7n Khoa h\u1ecdc C\u00f4ng ngh\u1ec7 M\u1ecf th\u1ef1c hi\u1ec7n k\u1ebf ho\u1ea1ch, nhi\u1ec7m v\u1ee5 n\u0103m 2024<\/div>\r\n                <\/div>\r\n            <\/a>\r\n        <\/div>\r\n                <div class=\"column-item\">\r\n            <a class=\"item\" rel=\"prettyPhoto[pp_gal125041]\" data-id=\"125041\" href=\"https:\/\/www.youtube.com\/watch?v=Ml07EMbaL_o&#038;t=1s\">\r\n                <div class=\"bg\" style=\"background-image: url(https:\/\/imsat.vn\/wp-content\/uploads\/2024\/08\/1.-1.-NCNL-TV_-2024_1-300x178.jpg);\">\r\n                    <div class=\"icon-play\"><img src=\"https:\/\/imsat.vn\/wp-content\/themes\/imsat\/assets\/images\/play.png\"><\/div>\r\n                    <div class=\"bg-hover\"><\/div>\r\n                <\/div>\r\n                <div class=\"text\">\r\n                    <div class=\"title\">N\u00e2ng cao hi\u1ec7u qu\u1ea3 ho\u1ea1t \u0111\u1ed9ng t\u01b0 v\u1ea5n nghi\u00ean c\u1ee9u trong TKV<\/div>\r\n                <\/div>\r\n            <\/a>\r\n        <\/div>\r\n                <div class=\"column-item\">\r\n            <a class=\"item\" rel=\"prettyPhoto[pp_gal124837]\" data-id=\"124837\" href=\"https:\/\/www.youtube.com\/watch?v=IkutDhKDgnA\">\r\n                <div class=\"bg\" style=\"background-image: url(https:\/\/imsat.vn\/wp-content\/uploads\/2024\/06\/1.-DA-Khe-Cham-II-IV-300x156.jpg);\">\r\n                    <div class=\"icon-play\"><img src=\"https:\/\/imsat.vn\/wp-content\/themes\/imsat\/assets\/images\/play.png\"><\/div>\r\n                    <div class=\"bg-hover\"><\/div>\r\n                <\/div>\r\n                <div class=\"text\">\r\n                    <div class=\"title\">L\u00e3nh \u0111\u1ea1o T\u1eadp \u0111o\u00e0n TKV l\u00e0m vi\u1ec7c v\u1edbi C\u00f4ng ty than H\u1ea1 Long v\u1ec1 ti\u1ebfn \u0111\u1ed9 tri\u1ec3n khai th\u1ef1c hi\u1ec7n d\u1ef1 \u00e1n m\u1ecf khe ch\u00e0m<\/div>\r\n                <\/div>\r\n            <\/a>\r\n        <\/div>\r\n                <div class=\"column-item\">\r\n            <a class=\"item\" rel=\"prettyPhoto[pp_gal120913]\" data-id=\"120913\" href=\"https:\/\/www.youtube.com\/watch?v=oB8nmkqiG6o\">\r\n                <div class=\"bg\" style=\"background-image: url(https:\/\/img.youtube.com\/vi\/oB8nmkqiG6o\/mqdefault.jpg);\">\r\n                    <div class=\"icon-play\"><img src=\"https:\/\/imsat.vn\/wp-content\/themes\/imsat\/assets\/images\/play.png\"><\/div>\r\n                    <div class=\"bg-hover\"><\/div>\r\n                <\/div>\r\n                <div class=\"text\">\r\n                    <div class=\"title\">C\u00f4ng \u0111o\u00e0n Vi\u1ec7n KHCN M\u1ecf, nh\u1eefng d\u1ea5u \u1ea5n nhi\u1ec7m k\u1ef3 2017 &#8211; 2023<\/div>\r\n                <\/div>\r\n            <\/a>\r\n        <\/div>\r\n                    <\/div>\r\n\r\n                            <div class=\"pagination\">\r\n                            <div class=\"pagination\">\r\n            <nav class=\"elementor-pagination\" role=\"navigation\"\r\n                 aria-label=\"Pagination\">\r\n                <span class=\"page-numbers prev\">&laquo; Tr\u01b0\u1edbc<\/span>\n<span aria-current=\"page\" class=\"page-numbers current\"><span class=\"elementor-screen-only\">Page<\/span>1<\/span>\n<a class=\"page-numbers\" href=\"https:\/\/imsat.vn\/index.php\/?paged=2&#038;rest_route=%2Fwp%2Fv2%2Fpages%2F48\"><span class=\"elementor-screen-only\">Page<\/span>2<\/a>\n<a class=\"page-numbers\" href=\"https:\/\/imsat.vn\/index.php\/?paged=3&#038;rest_route=%2Fwp%2Fv2%2Fpages%2F48\"><span class=\"elementor-screen-only\">Page<\/span>3<\/a>\n<a class=\"page-numbers next\" href=\"https:\/\/imsat.vn\/index.php?rest_route=%2Fwp%2Fv2%2Fpages%2F48&#038;paged=2\">Ti\u1ebfp&raquo;<\/a>            <\/nav>\r\n        <\/div>\r\n                        <\/div>\r\n            \r\n\r\n        <\/div>\r\n        \t\t<\/div>\n\t\t\t\t<\/div>\n\t\t\t\t\t<\/div>\n\t\t<\/div>\n\t\t\t\t\t\t\t<\/div>\n\t\t<\/section>\n\t\t\t\t\t\t<\/div>\n\t\t\t\t\t<\/div>\n\t\t","protected":false},"excerpt":{"rendered":"<p>Tuy\u00ean d\u01b0\u01a1ng c\u00e1c \u0111i\u1ec3n h\u00ecnh ti\u00ean ti\u1ebfn trong phong tr\u00e0o thi \u0111ua c\u1ee7a TKV n\u0103m 2022-2023 20.10.2023 C\u00f4ng \u0111o\u00e0n Vi\u1ec7n KHCN M\u1ecf, nh\u1eefng d\u1ea5u \u1ea5n nhi\u1ec7m k\u1ef3 2017 &#8211; 2023 Vi\u1ec7n KHCN M\u1ecf quy\u1ebft t\u00e2m th\u1ef1c hi\u1ec7n th\u1eafng l\u1ee3i nhi\u1ec7m v\u1ee5 n\u0103m 2023 To\u00e0n c\u1ea3nh L\u1ec5 k\u1ef7 ni\u1ec7m 50 n\u0103m th\u00e0nh l\u1eadp Vi\u1ec7n KHCN M\u1ecf [&hellip;]<\/p>\n","protected":false},"author":1,"featured_media":0,"parent":0,"menu_order":0,"comment_status":"closed","ping_status":"closed","template":"","meta":[],"yoast_head":"<!-- This site is optimized with the Yoast SEO plugin v18.2 - https:\/\/yoast.com\/wordpress\/plugins\/seo\/ -->\n<title>Videos - Vi\u1ec7n Khoa h\u1ecdc C\u00f4ng ngh\u1ec7 M\u1ecf - Vinacomin<\/title>\n<meta name=\"robots\" content=\"index, follow, max-snippet:-1, max-image-preview:large, max-video-preview:-1\" \/>\n<link rel=\"canonical\" href=\"https:\/\/imsat.vn\/?page_id=48\" \/>\n<meta property=\"og:locale\" content=\"vi_VN\" \/>\n<meta property=\"og:type\" content=\"article\" \/>\n<meta property=\"og:title\" content=\"Videos - Vi\u1ec7n Khoa h\u1ecdc C\u00f4ng ngh\u1ec7 M\u1ecf - Vinacomin\" \/>\n<meta property=\"og:description\" content=\"Tuy\u00ean d\u01b0\u01a1ng c\u00e1c \u0111i\u1ec3n h\u00ecnh ti\u00ean ti\u1ebfn trong phong tr\u00e0o thi \u0111ua c\u1ee7a TKV n\u0103m 2022-2023 20.10.2023 C\u00f4ng \u0111o\u00e0n Vi\u1ec7n KHCN M\u1ecf, nh\u1eefng d\u1ea5u \u1ea5n nhi\u1ec7m k\u1ef3 2017 &#8211; 2023 Vi\u1ec7n KHCN M\u1ecf quy\u1ebft t\u00e2m th\u1ef1c hi\u1ec7n th\u1eafng l\u1ee3i nhi\u1ec7m v\u1ee5 n\u0103m 2023 To\u00e0n c\u1ea3nh L\u1ec5 k\u1ef7 ni\u1ec7m 50 n\u0103m th\u00e0nh l\u1eadp Vi\u1ec7n KHCN M\u1ecf [&hellip;]\" \/>\n<meta property=\"og:url\" content=\"https:\/\/imsat.vn\/?page_id=48\" \/>\n<meta property=\"og:site_name\" content=\"Vi\u1ec7n Khoa h\u1ecdc C\u00f4ng ngh\u1ec7 M\u1ecf - Vinacomin\" \/>\n<meta property=\"article:modified_time\" content=\"2024-02-28T02:48:35+00:00\" \/>\n<meta property=\"og:image\" content=\"http:\/\/imsat.vn\/wp-content\/themes\/imsat\/assets\/images\/play.png\" \/>\n<meta name=\"twitter:card\" content=\"summary_large_image\" \/>\n<meta name=\"twitter:label1\" content=\"Est. reading time\" \/>\n\t<meta name=\"twitter:data1\" content=\"2 minutes\" \/>\n<script type=\"application\/ld+json\" class=\"yoast-schema-graph\">{\"@context\":\"https:\/\/schema.org\",\"@graph\":[{\"@type\":[\"Person\",\"Organization\"],\"@id\":\"https:\/\/imsat.vn\/#\/schema\/person\/89fc24c8dc721bd3aac0eda6ec581513\",\"name\":\"admin\",\"image\":{\"@type\":\"ImageObject\",\"@id\":\"https:\/\/imsat.vn\/#personlogo\",\"inLanguage\":\"vi-VN\",\"url\":\"https:\/\/secure.gravatar.com\/avatar\/64e1b8d34f425d19e1ee2ea7236d3028?s=96&d=mm&r=g\",\"contentUrl\":\"https:\/\/secure.gravatar.com\/avatar\/64e1b8d34f425d19e1ee2ea7236d3028?s=96&d=mm&r=g\",\"caption\":\"admin\"},\"logo\":{\"@id\":\"https:\/\/imsat.vn\/#personlogo\"},\"sameAs\":[\"https:\/\/imsat.vn\/\"]},{\"@type\":\"WebSite\",\"@id\":\"https:\/\/imsat.vn\/#website\",\"url\":\"https:\/\/imsat.vn\/\",\"name\":\"Vi\u1ec7n Khoa h\u1ecdc C\u00f4ng ngh\u1ec7 M\u1ecf - Vinacomin\",\"description\":\"\",\"publisher\":{\"@id\":\"https:\/\/imsat.vn\/#\/schema\/person\/89fc24c8dc721bd3aac0eda6ec581513\"},\"potentialAction\":[{\"@type\":\"SearchAction\",\"target\":{\"@type\":\"EntryPoint\",\"urlTemplate\":\"https:\/\/imsat.vn\/?s={search_term_string}\"},\"query-input\":\"required name=search_term_string\"}],\"inLanguage\":\"vi-VN\"},{\"@type\":\"ImageObject\",\"@id\":\"https:\/\/imsat.vn\/?page_id=48#primaryimage\",\"inLanguage\":\"vi-VN\",\"url\":\"https:\/\/imsat.vn\/wp-content\/themes\/imsat\/assets\/images\/play.png\",\"contentUrl\":\"https:\/\/imsat.vn\/wp-content\/themes\/imsat\/assets\/images\/play.png\"},{\"@type\":\"WebPage\",\"@id\":\"https:\/\/imsat.vn\/?page_id=48#webpage\",\"url\":\"https:\/\/imsat.vn\/?page_id=48\",\"name\":\"Videos - Vi\u1ec7n Khoa h\u1ecdc C\u00f4ng ngh\u1ec7 M\u1ecf - Vinacomin\",\"isPartOf\":{\"@id\":\"https:\/\/imsat.vn\/#website\"},\"primaryImageOfPage\":{\"@id\":\"https:\/\/imsat.vn\/?page_id=48#primaryimage\"},\"datePublished\":\"2021-08-29T11:18:21+00:00\",\"dateModified\":\"2024-02-28T02:48:35+00:00\",\"breadcrumb\":{\"@id\":\"https:\/\/imsat.vn\/?page_id=48#breadcrumb\"},\"inLanguage\":\"vi-VN\",\"potentialAction\":[{\"@type\":\"ReadAction\",\"target\":[\"https:\/\/imsat.vn\/?page_id=48\"]}]},{\"@type\":\"BreadcrumbList\",\"@id\":\"https:\/\/imsat.vn\/?page_id=48#breadcrumb\",\"itemListElement\":[{\"@type\":\"ListItem\",\"position\":1,\"name\":\"Trang ch\u1ee7\",\"item\":\"https:\/\/imsat.vn\/\"},{\"@type\":\"ListItem\",\"position\":2,\"name\":\"Videos\"}]}]}<\/script>\n<!-- \/ Yoast SEO plugin. -->","yoast_head_json":{"title":"Videos - Vi\u1ec7n Khoa h\u1ecdc C\u00f4ng ngh\u1ec7 M\u1ecf - Vinacomin","robots":{"index":"index","follow":"follow","max-snippet":"max-snippet:-1","max-image-preview":"max-image-preview:large","max-video-preview":"max-video-preview:-1"},"canonical":"https:\/\/imsat.vn\/?page_id=48","og_locale":"vi_VN","og_type":"article","og_title":"Videos - Vi\u1ec7n Khoa h\u1ecdc C\u00f4ng ngh\u1ec7 M\u1ecf - Vinacomin","og_description":"Tuy\u00ean d\u01b0\u01a1ng c\u00e1c \u0111i\u1ec3n h\u00ecnh ti\u00ean ti\u1ebfn trong phong tr\u00e0o thi \u0111ua c\u1ee7a TKV n\u0103m 2022-2023 20.10.2023 C\u00f4ng \u0111o\u00e0n Vi\u1ec7n KHCN M\u1ecf, nh\u1eefng d\u1ea5u \u1ea5n nhi\u1ec7m k\u1ef3 2017 &#8211; 2023 Vi\u1ec7n KHCN M\u1ecf quy\u1ebft t\u00e2m th\u1ef1c hi\u1ec7n th\u1eafng l\u1ee3i nhi\u1ec7m v\u1ee5 n\u0103m 2023 To\u00e0n c\u1ea3nh L\u1ec5 k\u1ef7 ni\u1ec7m 50 n\u0103m th\u00e0nh l\u1eadp Vi\u1ec7n KHCN M\u1ecf [&hellip;]","og_url":"https:\/\/imsat.vn\/?page_id=48","og_site_name":"Vi\u1ec7n Khoa h\u1ecdc C\u00f4ng ngh\u1ec7 M\u1ecf - Vinacomin","article_modified_time":"2024-02-28T02:48:35+00:00","og_image":[{"url":"http:\/\/imsat.vn\/wp-content\/themes\/imsat\/assets\/images\/play.png"}],"twitter_card":"summary_large_image","twitter_misc":{"Est. reading time":"2 minutes"},"schema":{"@context":"https:\/\/schema.org","@graph":[{"@type":["Person","Organization"],"@id":"https:\/\/imsat.vn\/#\/schema\/person\/89fc24c8dc721bd3aac0eda6ec581513","name":"admin","image":{"@type":"ImageObject","@id":"https:\/\/imsat.vn\/#personlogo","inLanguage":"vi-VN","url":"https:\/\/secure.gravatar.com\/avatar\/64e1b8d34f425d19e1ee2ea7236d3028?s=96&d=mm&r=g","contentUrl":"https:\/\/secure.gravatar.com\/avatar\/64e1b8d34f425d19e1ee2ea7236d3028?s=96&d=mm&r=g","caption":"admin"},"logo":{"@id":"https:\/\/imsat.vn\/#personlogo"},"sameAs":["https:\/\/imsat.vn\/"]},{"@type":"WebSite","@id":"https:\/\/imsat.vn\/#website","url":"https:\/\/imsat.vn\/","name":"Vi\u1ec7n Khoa h\u1ecdc C\u00f4ng ngh\u1ec7 M\u1ecf - Vinacomin","description":"","publisher":{"@id":"https:\/\/imsat.vn\/#\/schema\/person\/89fc24c8dc721bd3aac0eda6ec581513"},"potentialAction":[{"@type":"SearchAction","target":{"@type":"EntryPoint","urlTemplate":"https:\/\/imsat.vn\/?s={search_term_string}"},"query-input":"required name=search_term_string"}],"inLanguage":"vi-VN"},{"@type":"ImageObject","@id":"https:\/\/imsat.vn\/?page_id=48#primaryimage","inLanguage":"vi-VN","url":"https:\/\/imsat.vn\/wp-content\/themes\/imsat\/assets\/images\/play.png","contentUrl":"https:\/\/imsat.vn\/wp-content\/themes\/imsat\/assets\/images\/play.png"},{"@type":"WebPage","@id":"https:\/\/imsat.vn\/?page_id=48#webpage","url":"https:\/\/imsat.vn\/?page_id=48","name":"Videos - Vi\u1ec7n Khoa h\u1ecdc C\u00f4ng ngh\u1ec7 M\u1ecf - Vinacomin","isPartOf":{"@id":"https:\/\/imsat.vn\/#website"},"primaryImageOfPage":{"@id":"https:\/\/imsat.vn\/?page_id=48#primaryimage"},"datePublished":"2021-08-29T11:18:21+00:00","dateModified":"2024-02-28T02:48:35+00:00","breadcrumb":{"@id":"https:\/\/imsat.vn\/?page_id=48#breadcrumb"},"inLanguage":"vi-VN","potentialAction":[{"@type":"ReadAction","target":["https:\/\/imsat.vn\/?page_id=48"]}]},{"@type":"BreadcrumbList","@id":"https:\/\/imsat.vn\/?page_id=48#breadcrumb","itemListElement":[{"@type":"ListItem","position":1,"name":"Trang ch\u1ee7","item":"https:\/\/imsat.vn\/"},{"@type":"ListItem","position":2,"name":"Videos"}]}]}},"_links":{"self":[{"href":"https:\/\/imsat.vn\/index.php?rest_route=\/wp\/v2\/pages\/48"}],"collection":[{"href":"https:\/\/imsat.vn\/index.php?rest_route=\/wp\/v2\/pages"}],"about":[{"href":"https:\/\/imsat.vn\/index.php?rest_route=\/wp\/v2\/types\/page"}],"author":[{"embeddable":true,"href":"https:\/\/imsat.vn\/index.php?rest_route=\/wp\/v2\/users\/1"}],"replies":[{"embeddable":true,"href":"https:\/\/imsat.vn\/index.php?rest_route=%2Fwp%2Fv2%2Fcomments&post=48"}],"version-history":[{"count":6,"href":"https:\/\/imsat.vn\/index.php?rest_route=\/wp\/v2\/pages\/48\/revisions"}],"predecessor-version":[{"id":124351,"href":"https:\/\/imsat.vn\/index.php?rest_route=\/wp\/v2\/pages\/48\/revisions\/124351"}],"wp:attachment":[{"href":"https:\/\/imsat.vn\/index.php?rest_route=%2Fwp%2Fv2%2Fmedia&parent=48"}],"curies":[{"name":"wp","href":"https:\/\/api.w.org\/{rel}","templated":true}]}}