{"id":911,"date":"2025-08-15T02:04:29","date_gmt":"2025-08-14T19:04:29","guid":{"rendered":"http:\/\/hocvienmo.thietkewebquangninh.vn?page_id=911"},"modified":"2025-09-11T09:24:06","modified_gmt":"2025-09-11T02:24:06","slug":"giai-thuong-khcn","status":"publish","type":"page","link":"https:\/\/imsat.vn\/?page_id=911","title":{"rendered":"C\u00e1c c\u00f4ng tr\u00ecnh \u0111o\u1ea1t gi\u1ea3i th\u01b0\u1edfng v\u1ec1 khoa h\u1ecdc c\u00f4ng ngh\u1ec7"},"content":{"rendered":"<p style=\"text-align: justify;\"><em>&#8211;<\/em> C\u00f4ng tr\u00ecnh \u201cNghi\u00ean c\u1ee9u thi\u1ebft k\u1ebf v\u00e9t b\u00f9n v\u00e0 \u0111\u00e0o s\u00e2u \u0111\u00e1y m\u1ecf C\u1ecdc S\u00e1u\u201d: Gi\u1ea3i Nh\u00ec gi\u1ea3i th\u01b0\u1edfng \u201cS\u00e1ng t\u1ea1o khoa h\u1ecdc c\u00f4ng ngh\u1ec7 Vi\u1ec7t Nam\u201d (VIFOTEC) n\u0103m 1997, B\u1eb1ng \u0111\u1ed9c quy\u1ec1n gi\u1ea3i ph\u00e1p h\u1eefu \u00edch.<\/p>\n<p style=\"text-align: justify;\">&#8211; C\u00f4ng tr\u00ecnh \u201cNghi\u00ean c\u1ee9u x\u00e2y d\u1ef1ng v\u00e0 ho\u00e0n thi\u1ec7n d\u00e2y chuy\u1ec1n c\u00f4ng ngh\u1ec7 s\u1ea3n xu\u1ea5t b\u1ed9t qu\u1eb7ng manh\u00eatit l\u00e0m huy\u1ec1n ph\u00f9 tuy\u1ec3n than\u201d: Gi\u1ea3i Nh\u00ec VIFOTEC n\u0103m 1999, \u201cGi\u1ea3i th\u01b0\u1edfng Nh\u00e0 n\u01b0\u1edbc v\u1ec1 khoa h\u1ecdc c\u00f4ng ngh\u1ec7\u201d n\u0103m 2000, gi\u1ea3i Nh\u1ea5t \u201cTu\u1ed5i tr\u1ebb s\u00e1ng t\u1ea1o\u201d n\u0103m 2000.<\/p>\n<p style=\"text-align: justify;\">&#8211; C\u00f4ng tr\u00ecnh \u201cNghi\u00ean c\u1ee9u c\u00e1c gi\u1ea3i ph\u00e1p c\u00f4ng ngh\u1ec7 s\u1eed d\u1ee5ng v\u00ec ch\u1ed1ng th\u1ee7y l\u1ef1c trong khai th\u00e1c than h\u1ea7m l\u00f2\u201d: Gi\u1ea3i Ba, VIFOTEC n\u0103m 2003.<\/p>\n<p style=\"text-align: justify;\">&#8211; C\u00f4ng tr\u00ecnh \u201cNghi\u00ean c\u1ee9u \u00e1p d\u1ee5ng c\u00f4ng ngh\u1ec7 tuy\u1ec3n than b\u00e3 s\u00e0ng cho c\u00e1c m\u1ecf than v\u00f9ng Qu\u1ea3ng Ninh b\u1eb1ng c\u00f4ng ngh\u1ec7 huy\u1ec1n ph\u00f9 tang quay v\u00e0 huy\u1ec1n ph\u00f9 t\u1ef1 sinh\u201d: Gi\u1ea3i Nh\u1ea5t VIFOTEC n\u0103m 2007, Huy ch\u01b0\u01a1ng V\u00e0ng WIPO, Huy ch\u01b0\u01a1ng V\u00e0ng \u201cS\u00e1ng t\u1ea1o qu\u1ed1c t\u1ebf SIIF\u201d l\u1ea7n th\u1ee9 4 t\u1ea1i Seoul (H\u00e0n Qu\u1ed1c), n\u0103m 2008; Gi\u1ea3i V\u00e0ng t\u1ea1i \u201cCh\u1ee3 c\u00f4ng ngh\u1ec7 v\u00e0 thi\u1ebft b\u1ecb Vi\u1ec7t Nam ASEAN+3\u201d, H\u00e0 N\u1ed9i, n\u0103m 2009.<\/p>\n<p style=\"text-align: justify;\">&#8211; C\u00f4ng tr\u00ecnh \u201cNghi\u00ean c\u1ee9u ch\u1ebf t\u1ea1o ch\u1ea5t nh\u0169 t\u01b0\u01a1ng n\u1ec1n d\u00f9ng \u0111\u1ec3 ch\u1ebf t\u1ea1o thu\u1ed1c n\u1ed5 nh\u0169 t\u01b0\u01a1ng r\u1eddi\u201d: Gi\u1ea3i Ba VIFOTEC n\u0103m 2008.<\/p>\n<p style=\"text-align: justify;\">&#8211; C\u00f4ng tr\u00ecnh \u201cNghi\u00ean c\u1ee9u l\u1ef1a ch\u1ecdn c\u00f4ng ngh\u1ec7 c\u01a1 gi\u1edbi h\u00f3a khai th\u00e1c v\u00e0 thi\u1ebft k\u1ebf, ch\u1ebf t\u1ea1o d\u00e0n ch\u1ed1ng t\u1ef1 h\u00e0nh ph\u00f9 h\u1ee3p v\u1edbi \u0111i\u1ec1u ki\u1ec7n \u0111\u1ecba ch\u1ea5t c\u00e1c v\u1ec9a d\u00e0y, \u0111\u1ed9 d\u1ed1c \u0111\u1ebfn 35<sup>0<\/sup> t\u1ea1i v\u00f9ng Qu\u1ea3ng Ninh\u201d: Gi\u1ea3i Nh\u1ea5t VIFOTEC, n\u0103m 2009, gi\u1ea3i V\u00e0ng t\u1ea1i \u201cCh\u1ee3 c\u00f4ng ngh\u1ec7 v\u00e0 thi\u1ebft b\u1ecb Vi\u1ec7t Nam ASEAN+3\u201d, H\u00e0 N\u1ed9i, n\u0103m 2009.<\/p>\n<p>&#8211; D\u1ef1 \u00e1n \u0110\u1ea7u t\u01b0 x\u00e2y d\u1ef1ng c\u00f4ng tr\u00ecnh khai th\u00e1c h\u1ea7m l\u00f2 m\u1ecf than N\u00fai B\u00e9o, m\u1ecf Khe Ch\u00e0m II &#8211; IV.<\/p>\n<p>&#8211; C\u00f4ng tr\u00ecnh x\u00e2y d\u1ef1ng Nh\u00e0 m\u00e1y tuy\u1ec3n qu\u1eb7ng bauxit T\u00e2n Rai, Nh\u00e2n C\u01a1.<\/p>\n<p>&#8211; X\u00e2y d\u1ef1ng c\u00e1c h\u1ec7 th\u1ed1ng c\u1ea3nh b\u00e1o kh\u00ed m\u1ecf t\u1ef1 \u0111\u1ed9ng cho c\u00e1c m\u1ecf than h\u1ea7m l\u00f2.<\/p>\n<p><img loading=\"lazy\" class=\"alignnone wp-image-126764 size-full\" src=\"https:\/\/imsat.vn\/wp-content\/uploads\/2025\/08\/V.8-scaled.jpg\" alt=\"\" width=\"2560\" height=\"1714\" srcset=\"https:\/\/imsat.vn\/wp-content\/uploads\/2025\/08\/V.8-scaled.jpg 2560w, https:\/\/imsat.vn\/wp-content\/uploads\/2025\/08\/V.8-300x201.jpg 300w, https:\/\/imsat.vn\/wp-content\/uploads\/2025\/08\/V.8-1024x685.jpg 1024w, https:\/\/imsat.vn\/wp-content\/uploads\/2025\/08\/V.8-768x514.jpg 768w, https:\/\/imsat.vn\/wp-content\/uploads\/2025\/08\/V.8-1536x1028.jpg 1536w, https:\/\/imsat.vn\/wp-content\/uploads\/2025\/08\/V.8-2048x1371.jpg 2048w\" sizes=\"(max-width: 2560px) 100vw, 2560px\" \/><\/p>\n<p style=\"text-align: center;\"><em>L\u1ec5 nh\u1eadn gi\u1ea3i th\u01b0\u1edfng WIPO<\/em><\/p>\n<p><img loading=\"lazy\" class=\"alignnone wp-image-126766 size-full\" src=\"https:\/\/imsat.vn\/wp-content\/uploads\/2025\/08\/image017-scaled.jpg\" alt=\"\" width=\"2560\" height=\"1769\" srcset=\"https:\/\/imsat.vn\/wp-content\/uploads\/2025\/08\/image017-scaled.jpg 2560w, https:\/\/imsat.vn\/wp-content\/uploads\/2025\/08\/image017-300x207.jpg 300w, https:\/\/imsat.vn\/wp-content\/uploads\/2025\/08\/image017-1024x707.jpg 1024w, https:\/\/imsat.vn\/wp-content\/uploads\/2025\/08\/image017-768x531.jpg 768w, https:\/\/imsat.vn\/wp-content\/uploads\/2025\/08\/image017-1536x1061.jpg 1536w, https:\/\/imsat.vn\/wp-content\/uploads\/2025\/08\/image017-2048x1415.jpg 2048w\" sizes=\"(max-width: 2560px) 100vw, 2560px\" \/><\/p>\n<p style=\"text-align: center;\"><em>L\u1ec5 nh\u1eadn gi\u1ea3i th\u01b0\u1edfng S\u00e1ng t\u1ea1o qu\u1ed1c t\u1ebf SIIF<\/em><\/p>\n<p>&nbsp;<\/p>\n","protected":false},"excerpt":{"rendered":"<p>&#8211; C\u00f4ng tr\u00ecnh \u201cNghi\u00ean c\u1ee9u thi\u1ebft k\u1ebf v\u00e9t b\u00f9n v\u00e0 \u0111\u00e0o s\u00e2u \u0111\u00e1y m\u1ecf C\u1ecdc S\u00e1u\u201d: Gi\u1ea3i Nh\u00ec gi\u1ea3i th\u01b0\u1edfng \u201cS\u00e1ng t\u1ea1o khoa h\u1ecdc c\u00f4ng ngh\u1ec7 Vi\u1ec7t Nam\u201d (VIFOTEC) n\u0103m 1997, B\u1eb1ng \u0111\u1ed9c quy\u1ec1n gi\u1ea3i ph\u00e1p h\u1eefu \u00edch. &#8211; C\u00f4ng tr\u00ecnh \u201cNghi\u00ean c\u1ee9u x\u00e2y d\u1ef1ng v\u00e0 ho\u00e0n thi\u1ec7n d\u00e2y chuy\u1ec1n c\u00f4ng ngh\u1ec7 s\u1ea3n xu\u1ea5t b\u1ed9t [&hellip;]<\/p>\n","protected":false},"author":2,"featured_media":126764,"parent":35,"menu_order":0,"comment_status":"closed","ping_status":"closed","template":"","meta":[],"yoast_head":"<!-- This site is optimized with the Yoast SEO plugin v18.2 - https:\/\/yoast.com\/wordpress\/plugins\/seo\/ -->\n<title>C\u00e1c c\u00f4ng tr\u00ecnh \u0111o\u1ea1t gi\u1ea3i th\u01b0\u1edfng v\u1ec1 khoa h\u1ecdc c\u00f4ng ngh\u1ec7 - Vi\u1ec7n Khoa h\u1ecdc C\u00f4ng ngh\u1ec7 M\u1ecf - Vinacomin<\/title>\n<meta name=\"robots\" content=\"index, follow, max-snippet:-1, max-image-preview:large, max-video-preview:-1\" \/>\n<link rel=\"canonical\" href=\"https:\/\/imsat.vn\/?page_id=911\" \/>\n<meta property=\"og:locale\" content=\"vi_VN\" \/>\n<meta property=\"og:type\" content=\"article\" \/>\n<meta property=\"og:title\" content=\"C\u00e1c c\u00f4ng tr\u00ecnh \u0111o\u1ea1t gi\u1ea3i th\u01b0\u1edfng v\u1ec1 khoa h\u1ecdc c\u00f4ng ngh\u1ec7 - Vi\u1ec7n Khoa h\u1ecdc C\u00f4ng ngh\u1ec7 M\u1ecf - Vinacomin\" \/>\n<meta property=\"og:description\" content=\"&#8211; C\u00f4ng tr\u00ecnh \u201cNghi\u00ean c\u1ee9u thi\u1ebft k\u1ebf v\u00e9t b\u00f9n v\u00e0 \u0111\u00e0o s\u00e2u \u0111\u00e1y m\u1ecf C\u1ecdc S\u00e1u\u201d: Gi\u1ea3i Nh\u00ec gi\u1ea3i th\u01b0\u1edfng \u201cS\u00e1ng t\u1ea1o khoa h\u1ecdc c\u00f4ng ngh\u1ec7 Vi\u1ec7t Nam\u201d (VIFOTEC) n\u0103m 1997, B\u1eb1ng \u0111\u1ed9c quy\u1ec1n gi\u1ea3i ph\u00e1p h\u1eefu \u00edch. &#8211; C\u00f4ng tr\u00ecnh \u201cNghi\u00ean c\u1ee9u x\u00e2y d\u1ef1ng v\u00e0 ho\u00e0n thi\u1ec7n d\u00e2y chuy\u1ec1n c\u00f4ng ngh\u1ec7 s\u1ea3n xu\u1ea5t b\u1ed9t [&hellip;]\" \/>\n<meta property=\"og:url\" content=\"https:\/\/imsat.vn\/?page_id=911\" \/>\n<meta property=\"og:site_name\" content=\"Vi\u1ec7n Khoa h\u1ecdc C\u00f4ng ngh\u1ec7 M\u1ecf - Vinacomin\" \/>\n<meta property=\"article:modified_time\" content=\"2025-09-11T02:24:06+00:00\" \/>\n<meta property=\"og:image\" content=\"https:\/\/imsat.vn\/wp-content\/uploads\/2025\/08\/V.8-scaled.jpg\" \/>\n\t<meta property=\"og:image:width\" content=\"2560\" \/>\n\t<meta property=\"og:image:height\" content=\"1714\" \/>\n\t<meta property=\"og:image:type\" content=\"image\/jpeg\" \/>\n<meta name=\"twitter:card\" content=\"summary_large_image\" \/>\n<meta name=\"twitter:label1\" content=\"Est. reading time\" \/>\n\t<meta name=\"twitter:data1\" content=\"1 minute\" \/>\n<script type=\"application\/ld+json\" class=\"yoast-schema-graph\">{\"@context\":\"https:\/\/schema.org\",\"@graph\":[{\"@type\":[\"Person\",\"Organization\"],\"@id\":\"https:\/\/imsat.vn\/#\/schema\/person\/89fc24c8dc721bd3aac0eda6ec581513\",\"name\":\"admin\",\"image\":{\"@type\":\"ImageObject\",\"@id\":\"https:\/\/imsat.vn\/#personlogo\",\"inLanguage\":\"vi-VN\",\"url\":\"https:\/\/secure.gravatar.com\/avatar\/64e1b8d34f425d19e1ee2ea7236d3028?s=96&d=mm&r=g\",\"contentUrl\":\"https:\/\/secure.gravatar.com\/avatar\/64e1b8d34f425d19e1ee2ea7236d3028?s=96&d=mm&r=g\",\"caption\":\"admin\"},\"logo\":{\"@id\":\"https:\/\/imsat.vn\/#personlogo\"},\"sameAs\":[\"https:\/\/imsat.vn\/\"]},{\"@type\":\"WebSite\",\"@id\":\"https:\/\/imsat.vn\/#website\",\"url\":\"https:\/\/imsat.vn\/\",\"name\":\"Vi\u1ec7n Khoa h\u1ecdc C\u00f4ng ngh\u1ec7 M\u1ecf - Vinacomin\",\"description\":\"\",\"publisher\":{\"@id\":\"https:\/\/imsat.vn\/#\/schema\/person\/89fc24c8dc721bd3aac0eda6ec581513\"},\"potentialAction\":[{\"@type\":\"SearchAction\",\"target\":{\"@type\":\"EntryPoint\",\"urlTemplate\":\"https:\/\/imsat.vn\/?s={search_term_string}\"},\"query-input\":\"required name=search_term_string\"}],\"inLanguage\":\"vi-VN\"},{\"@type\":\"ImageObject\",\"@id\":\"https:\/\/imsat.vn\/?page_id=911#primaryimage\",\"inLanguage\":\"vi-VN\",\"url\":\"https:\/\/imsat.vn\/wp-content\/uploads\/2025\/08\/V.8-scaled.jpg\",\"contentUrl\":\"https:\/\/imsat.vn\/wp-content\/uploads\/2025\/08\/V.8-scaled.jpg\",\"width\":2560,\"height\":1714},{\"@type\":\"WebPage\",\"@id\":\"https:\/\/imsat.vn\/?page_id=911#webpage\",\"url\":\"https:\/\/imsat.vn\/?page_id=911\",\"name\":\"C\u00e1c c\u00f4ng tr\u00ecnh \u0111o\u1ea1t gi\u1ea3i th\u01b0\u1edfng v\u1ec1 khoa h\u1ecdc c\u00f4ng ngh\u1ec7 - Vi\u1ec7n Khoa h\u1ecdc C\u00f4ng ngh\u1ec7 M\u1ecf - Vinacomin\",\"isPartOf\":{\"@id\":\"https:\/\/imsat.vn\/#website\"},\"primaryImageOfPage\":{\"@id\":\"https:\/\/imsat.vn\/?page_id=911#primaryimage\"},\"datePublished\":\"2025-08-14T19:04:29+00:00\",\"dateModified\":\"2025-09-11T02:24:06+00:00\",\"breadcrumb\":{\"@id\":\"https:\/\/imsat.vn\/?page_id=911#breadcrumb\"},\"inLanguage\":\"vi-VN\",\"potentialAction\":[{\"@type\":\"ReadAction\",\"target\":[\"https:\/\/imsat.vn\/?page_id=911\"]}]},{\"@type\":\"BreadcrumbList\",\"@id\":\"https:\/\/imsat.vn\/?page_id=911#breadcrumb\",\"itemListElement\":[{\"@type\":\"ListItem\",\"position\":1,\"name\":\"Trang ch\u1ee7\",\"item\":\"https:\/\/imsat.vn\/\"},{\"@type\":\"ListItem\",\"position\":2,\"name\":\"Gi\u1edbi thi\u1ec7u\",\"item\":\"https:\/\/imsat.vn\/?page_id=35\"},{\"@type\":\"ListItem\",\"position\":3,\"name\":\"C\u00e1c c\u00f4ng tr\u00ecnh \u0111o\u1ea1t gi\u1ea3i th\u01b0\u1edfng v\u1ec1 khoa h\u1ecdc c\u00f4ng ngh\u1ec7\"}]}]}<\/script>\n<!-- \/ Yoast SEO plugin. -->","yoast_head_json":{"title":"C\u00e1c c\u00f4ng tr\u00ecnh \u0111o\u1ea1t gi\u1ea3i th\u01b0\u1edfng v\u1ec1 khoa h\u1ecdc c\u00f4ng ngh\u1ec7 - Vi\u1ec7n Khoa h\u1ecdc C\u00f4ng ngh\u1ec7 M\u1ecf - Vinacomin","robots":{"index":"index","follow":"follow","max-snippet":"max-snippet:-1","max-image-preview":"max-image-preview:large","max-video-preview":"max-video-preview:-1"},"canonical":"https:\/\/imsat.vn\/?page_id=911","og_locale":"vi_VN","og_type":"article","og_title":"C\u00e1c c\u00f4ng tr\u00ecnh \u0111o\u1ea1t gi\u1ea3i th\u01b0\u1edfng v\u1ec1 khoa h\u1ecdc c\u00f4ng ngh\u1ec7 - Vi\u1ec7n Khoa h\u1ecdc C\u00f4ng ngh\u1ec7 M\u1ecf - Vinacomin","og_description":"&#8211; C\u00f4ng tr\u00ecnh \u201cNghi\u00ean c\u1ee9u thi\u1ebft k\u1ebf v\u00e9t b\u00f9n v\u00e0 \u0111\u00e0o s\u00e2u \u0111\u00e1y m\u1ecf C\u1ecdc S\u00e1u\u201d: Gi\u1ea3i Nh\u00ec gi\u1ea3i th\u01b0\u1edfng \u201cS\u00e1ng t\u1ea1o khoa h\u1ecdc c\u00f4ng ngh\u1ec7 Vi\u1ec7t Nam\u201d (VIFOTEC) n\u0103m 1997, B\u1eb1ng \u0111\u1ed9c quy\u1ec1n gi\u1ea3i ph\u00e1p h\u1eefu \u00edch. &#8211; C\u00f4ng tr\u00ecnh \u201cNghi\u00ean c\u1ee9u x\u00e2y d\u1ef1ng v\u00e0 ho\u00e0n thi\u1ec7n d\u00e2y chuy\u1ec1n c\u00f4ng ngh\u1ec7 s\u1ea3n xu\u1ea5t b\u1ed9t [&hellip;]","og_url":"https:\/\/imsat.vn\/?page_id=911","og_site_name":"Vi\u1ec7n Khoa h\u1ecdc C\u00f4ng ngh\u1ec7 M\u1ecf - Vinacomin","article_modified_time":"2025-09-11T02:24:06+00:00","og_image":[{"width":2560,"height":1714,"url":"https:\/\/imsat.vn\/wp-content\/uploads\/2025\/08\/V.8-scaled.jpg","type":"image\/jpeg"}],"twitter_card":"summary_large_image","twitter_misc":{"Est. reading time":"1 minute"},"schema":{"@context":"https:\/\/schema.org","@graph":[{"@type":["Person","Organization"],"@id":"https:\/\/imsat.vn\/#\/schema\/person\/89fc24c8dc721bd3aac0eda6ec581513","name":"admin","image":{"@type":"ImageObject","@id":"https:\/\/imsat.vn\/#personlogo","inLanguage":"vi-VN","url":"https:\/\/secure.gravatar.com\/avatar\/64e1b8d34f425d19e1ee2ea7236d3028?s=96&d=mm&r=g","contentUrl":"https:\/\/secure.gravatar.com\/avatar\/64e1b8d34f425d19e1ee2ea7236d3028?s=96&d=mm&r=g","caption":"admin"},"logo":{"@id":"https:\/\/imsat.vn\/#personlogo"},"sameAs":["https:\/\/imsat.vn\/"]},{"@type":"WebSite","@id":"https:\/\/imsat.vn\/#website","url":"https:\/\/imsat.vn\/","name":"Vi\u1ec7n Khoa h\u1ecdc C\u00f4ng ngh\u1ec7 M\u1ecf - Vinacomin","description":"","publisher":{"@id":"https:\/\/imsat.vn\/#\/schema\/person\/89fc24c8dc721bd3aac0eda6ec581513"},"potentialAction":[{"@type":"SearchAction","target":{"@type":"EntryPoint","urlTemplate":"https:\/\/imsat.vn\/?s={search_term_string}"},"query-input":"required name=search_term_string"}],"inLanguage":"vi-VN"},{"@type":"ImageObject","@id":"https:\/\/imsat.vn\/?page_id=911#primaryimage","inLanguage":"vi-VN","url":"https:\/\/imsat.vn\/wp-content\/uploads\/2025\/08\/V.8-scaled.jpg","contentUrl":"https:\/\/imsat.vn\/wp-content\/uploads\/2025\/08\/V.8-scaled.jpg","width":2560,"height":1714},{"@type":"WebPage","@id":"https:\/\/imsat.vn\/?page_id=911#webpage","url":"https:\/\/imsat.vn\/?page_id=911","name":"C\u00e1c c\u00f4ng tr\u00ecnh \u0111o\u1ea1t gi\u1ea3i th\u01b0\u1edfng v\u1ec1 khoa h\u1ecdc c\u00f4ng ngh\u1ec7 - Vi\u1ec7n Khoa h\u1ecdc C\u00f4ng ngh\u1ec7 M\u1ecf - Vinacomin","isPartOf":{"@id":"https:\/\/imsat.vn\/#website"},"primaryImageOfPage":{"@id":"https:\/\/imsat.vn\/?page_id=911#primaryimage"},"datePublished":"2025-08-14T19:04:29+00:00","dateModified":"2025-09-11T02:24:06+00:00","breadcrumb":{"@id":"https:\/\/imsat.vn\/?page_id=911#breadcrumb"},"inLanguage":"vi-VN","potentialAction":[{"@type":"ReadAction","target":["https:\/\/imsat.vn\/?page_id=911"]}]},{"@type":"BreadcrumbList","@id":"https:\/\/imsat.vn\/?page_id=911#breadcrumb","itemListElement":[{"@type":"ListItem","position":1,"name":"Trang ch\u1ee7","item":"https:\/\/imsat.vn\/"},{"@type":"ListItem","position":2,"name":"Gi\u1edbi thi\u1ec7u","item":"https:\/\/imsat.vn\/?page_id=35"},{"@type":"ListItem","position":3,"name":"C\u00e1c c\u00f4ng tr\u00ecnh \u0111o\u1ea1t gi\u1ea3i th\u01b0\u1edfng v\u1ec1 khoa h\u1ecdc c\u00f4ng ngh\u1ec7"}]}]}},"_links":{"self":[{"href":"https:\/\/imsat.vn\/index.php?rest_route=\/wp\/v2\/pages\/911"}],"collection":[{"href":"https:\/\/imsat.vn\/index.php?rest_route=\/wp\/v2\/pages"}],"about":[{"href":"https:\/\/imsat.vn\/index.php?rest_route=\/wp\/v2\/types\/page"}],"author":[{"embeddable":true,"href":"https:\/\/imsat.vn\/index.php?rest_route=\/wp\/v2\/users\/2"}],"replies":[{"embeddable":true,"href":"https:\/\/imsat.vn\/index.php?rest_route=%2Fwp%2Fv2%2Fcomments&post=911"}],"version-history":[{"count":3,"href":"https:\/\/imsat.vn\/index.php?rest_route=\/wp\/v2\/pages\/911\/revisions"}],"predecessor-version":[{"id":126763,"href":"https:\/\/imsat.vn\/index.php?rest_route=\/wp\/v2\/pages\/911\/revisions\/126763"}],"up":[{"embeddable":true,"href":"https:\/\/imsat.vn\/index.php?rest_route=\/wp\/v2\/pages\/35"}],"wp:featuredmedia":[{"embeddable":true,"href":"https:\/\/imsat.vn\/index.php?rest_route=\/wp\/v2\/media\/126764"}],"wp:attachment":[{"href":"https:\/\/imsat.vn\/index.php?rest_route=%2Fwp%2Fv2%2Fmedia&parent=911"}],"curies":[{"name":"wp","href":"https:\/\/api.w.org\/{rel}","templated":true}]}}