{"id":952,"date":"2025-08-12T00:17:30","date_gmt":"2025-08-11T17:17:30","guid":{"rendered":"http:\/\/hocvienmo.thietkewebquangninh.vn?page_id=952"},"modified":"2025-09-11T09:19:32","modified_gmt":"2025-09-11T02:19:32","slug":"to-chuc-doan-the","status":"publish","type":"page","link":"https:\/\/imsat.vn\/?page_id=952","title":{"rendered":"C\u00f4ng \u0111o\u00e0n Vi\u1ec7n"},"content":{"rendered":"<p>C\u00f4ng \u0111o\u00e0n Vi\u1ec7n Khoa h\u1ecdc C\u00f4ng ngh\u1ec7 M\u1ecf \u0111\u01b0\u1ee3c th\u00e0nh l\u1eadp ngay t\u1eeb nh\u1eefng ng\u00e0y \u0111\u1ea7u m\u1edbi th\u00e0nh l\u1eadp Ph\u00e2n Vi\u1ec7n Nghi\u00ean c\u1ee9u KHKT Than, v\u00e0o th\u00e1ng 12\/1972. Ng\u00e0y \u0111\u1ea7u th\u00e0nh l\u1eadp, C\u00f4ng \u0111o\u00e0n Vi\u1ec7n c\u00f3 h\u01a1n 80 \u0111o\u00e0n vi\u00ean v\u00e0 tr\u1ef1c thu\u1ed9c C\u00f4ng \u0111o\u00e0n B\u1ed9 \u0110i\u1ec7n v\u00e0 Than.<\/p>\n<p>Ch\u1ee7 t\u1ecbch C\u00f4ng \u0111o\u00e0n Vi\u1ec7n Khoa h\u1ecdc C\u00f4ng ngh\u1ec7 M\u1ecf giai \u0111o\u1ea1n t\u1eeb khi chuy\u1ec3n v\u1ec1 T\u1ed5ng C\u00f4ng ty Than Vi\u1ec7t Nam (nay l\u00e0 T\u1eadp \u0111o\u00e0n C\u00f4ng nghi\u1ec7p Than &#8211; Kho\u00e1ng s\u1ea3n Vi\u1ec7t Nam) n\u0103m 1995 g\u1ed3m c\u00e1c \u0111\u1ed3ng ch\u00ed: Nguy\u1ec5n \u0110\u1ee9c B\u00ecnh (kh\u00f3a XI); Ph\u1ea1m Minh \u0110\u1ee9c (c\u00e1c kh\u00f3a XII, XIII, XIV, XV, XVI); Tr\u01b0\u01a1ng \u0110\u1ee9c D\u01b0 (kh\u00f3a XVII-XVIII); V\u0169 Th\u00e1i Nam (kh\u00f3a XIX); L\u01b0u V\u0103n Th\u1ef1c (kh\u00f3a XX) \u0111\u1ebfn 31\/12\/2024; L\u00ea Th\u1ecb Dung H\u1ea1nh (kh\u00f3a XX) t\u1eeb 14\/03\/2025 \u0111\u1ebfn nay.<\/p>\n<p><img loading=\"lazy\" class=\"aligncenter wp-image-116978 size-full\" src=\"https:\/\/imsat.vn\/wp-content\/uploads\/2021\/10\/CDV_2017_1.jpg\" alt=\"\" width=\"2038\" height=\"1294\" srcset=\"https:\/\/imsat.vn\/wp-content\/uploads\/2021\/10\/CDV_2017_1.jpg 2038w, https:\/\/imsat.vn\/wp-content\/uploads\/2021\/10\/CDV_2017_1-300x190.jpg 300w, https:\/\/imsat.vn\/wp-content\/uploads\/2021\/10\/CDV_2017_1-1024x650.jpg 1024w, https:\/\/imsat.vn\/wp-content\/uploads\/2021\/10\/CDV_2017_1-768x488.jpg 768w, https:\/\/imsat.vn\/wp-content\/uploads\/2021\/10\/CDV_2017_1-1536x975.jpg 1536w\" sizes=\"(max-width: 2038px) 100vw, 2038px\" \/><\/p>\n<div>\n<p align=\"center\"><em>Ra m\u1eaft BCH C\u00f4ng \u0111o\u00e0n Vi\u1ec7n kh\u00f3a kh\u00f3a XIX, nhi\u1ec7m k\u1ef3 2017-2022 \u00a0<\/em><\/p>\n<\/div>\n<div>\n<p>Qua 50 n\u0103m x\u00e2y d\u1ef1ng v\u00e0 ph\u00e1t tri\u1ec3n, C\u00f4ng \u0111o\u00e0n Vi\u1ec7n Khoa h\u1ecdc C\u00f4ng ngh\u1ec7 M\u1ecf \u0111\u00e3 tr\u1ea3i qua 20 k\u1ef3 \u0110\u1ea1i h\u1ed9i.<\/p>\n<p style=\"text-align: justify;\">\u0110\u1ea1i h\u1ed9i \u0110\u1ea1i bi\u1ec3u C\u00f4ng \u0111o\u00e0n Vi\u1ec7n l\u1ea7n th\u1ee9 XIX (nhi\u1ec7m k\u1ef3 2017 &#8211; 2022) \u0111\u01b0\u1ee3c t\u1ed5 ch\u1ee9c ng\u00e0y 29\/8\/2017, b\u1ea7u ra Ban ch\u1ea5p h\u00e0nh g\u1ed3m 9 \u0111\u1ed3ng ch\u00ed, \u0111\u1ed3ng ch\u00ed V\u0169 Th\u00e1i Nam l\u00e0 Ch\u1ee7 t\u1ecbch.<\/p>\n<p><img loading=\"lazy\" class=\"alignnone wp-image-121169 size-full\" src=\"https:\/\/imsat.vn\/wp-content\/uploads\/2023\/05\/Slide-DHCD_-2023_1-DSC_7112.jpg\" alt=\"\" width=\"2350\" height=\"1555\" srcset=\"https:\/\/imsat.vn\/wp-content\/uploads\/2023\/05\/Slide-DHCD_-2023_1-DSC_7112.jpg 2350w, https:\/\/imsat.vn\/wp-content\/uploads\/2023\/05\/Slide-DHCD_-2023_1-DSC_7112-300x199.jpg 300w, https:\/\/imsat.vn\/wp-content\/uploads\/2023\/05\/Slide-DHCD_-2023_1-DSC_7112-1024x678.jpg 1024w, https:\/\/imsat.vn\/wp-content\/uploads\/2023\/05\/Slide-DHCD_-2023_1-DSC_7112-768x508.jpg 768w, https:\/\/imsat.vn\/wp-content\/uploads\/2023\/05\/Slide-DHCD_-2023_1-DSC_7112-1536x1016.jpg 1536w, https:\/\/imsat.vn\/wp-content\/uploads\/2023\/05\/Slide-DHCD_-2023_1-DSC_7112-2048x1355.jpg 2048w, https:\/\/imsat.vn\/wp-content\/uploads\/2023\/05\/Slide-DHCD_-2023_1-DSC_7112-500x330.jpg 500w\" sizes=\"(max-width: 2350px) 100vw, 2350px\" \/><\/p>\n<p style=\"text-align: center;\"><em>Ra m\u1eaft BCH C\u00f4ng \u0111o\u00e0n Vi\u1ec7n Khoa h\u1ecdc C\u00f4ng ngh\u1ec7 M\u1ecf\u00a0<\/em><em>kh\u00f3a XX, nhi\u1ec7m k\u1ef3 2023-2028<\/em><\/p>\n<p>\u0110\u1ea1i h\u1ed9i \u0110\u1ea1i bi\u1ec3u C\u00f4ng \u0111o\u00e0n Vi\u1ec7n Khoa h\u1ecdc C\u00f4ng ngh\u1ec7 M\u1ecf l\u1ea7n th\u1ee9 XX nhi\u1ec7m k\u1ef3 2023 &#8211; 2028 \u0111\u01b0\u1ee3c t\u1ed5 ch\u1ee9c ng\u00e0y 17\/03\/2023, b\u1ea7u ra Ban ch\u1ea5p h\u00e0nh g\u1ed3m 09 \u0111\u1ed3ng ch\u00ed, \u0111\u1ed3ng ch\u00ed L\u01b0u V\u0103n Th\u1ef1c l\u00e0 Ch\u1ee7 t\u1ecbch.<\/p>\n<p><img loading=\"lazy\" class=\"aligncenter wp-image-126328 size-full\" src=\"https:\/\/imsat.vn\/wp-content\/uploads\/2025\/08\/image002.jpg\" alt=\"\" width=\"1380\" height=\"633\" srcset=\"https:\/\/imsat.vn\/wp-content\/uploads\/2025\/08\/image002.jpg 1380w, https:\/\/imsat.vn\/wp-content\/uploads\/2025\/08\/image002-300x138.jpg 300w, https:\/\/imsat.vn\/wp-content\/uploads\/2025\/08\/image002-1024x470.jpg 1024w, https:\/\/imsat.vn\/wp-content\/uploads\/2025\/08\/image002-768x352.jpg 768w\" sizes=\"(max-width: 1380px) 100vw, 1380px\" \/><\/p>\n<p style=\"text-align: center;\"><em>C\u00f4ng \u0111o\u00e0n TKV th\u0103m, t\u1eb7ng qu\u00e0 CBCNV Vi\u1ec7n Khoa h\u1ecdc C\u00f4ng ngh\u1ec7 M\u1ecf -Vinacomin nh\u00e2n d\u1ecbp Th\u00e1ng C\u00f4ng nh\u00e2n n\u0103m 2025<\/em><\/p>\n<p><img loading=\"lazy\" class=\"alignnone wp-image-126330 size-full\" src=\"https:\/\/imsat.vn\/wp-content\/uploads\/2025\/08\/DSC_6096-scaled.jpg\" alt=\"\" width=\"2560\" height=\"1419\" srcset=\"https:\/\/imsat.vn\/wp-content\/uploads\/2025\/08\/DSC_6096-scaled.jpg 2560w, https:\/\/imsat.vn\/wp-content\/uploads\/2025\/08\/DSC_6096-300x166.jpg 300w, https:\/\/imsat.vn\/wp-content\/uploads\/2025\/08\/DSC_6096-1024x568.jpg 1024w, https:\/\/imsat.vn\/wp-content\/uploads\/2025\/08\/DSC_6096-768x426.jpg 768w, https:\/\/imsat.vn\/wp-content\/uploads\/2025\/08\/DSC_6096-1536x852.jpg 1536w, https:\/\/imsat.vn\/wp-content\/uploads\/2025\/08\/DSC_6096-2048x1135.jpg 2048w\" sizes=\"(max-width: 2560px) 100vw, 2560px\" \/><\/p>\n<p>Ng\u00e0y 21\/3\/2025, C\u00f4ng \u0111o\u00e0n Vi\u1ec7n Khoa h\u1ecdc C\u00f4ng ngh\u1ec7 M\u1ecf t\u1ed5 ch\u1ee9c H\u1ecdp Ban Ch\u1ea5p h\u00e0nh C\u00f4ng \u0111o\u00e0n m\u1edf r\u1ed9ng, c\u00f4ng b\u1ed1 Quy\u1ebft \u0111\u1ecbnh c\u00f4ng nh\u1eadn ch\u1ee9c danh Ch\u1ee7 t\u1ecbch C\u00f4ng \u0111o\u00e0n Vi\u1ec7n Khoa h\u1ecdc C\u00f4ng ngh\u1ec7 M\u1ecf, nhi\u1ec7m k\u1ef3 2023- 2028 \u0111\u1ed1i v\u1edbi \u0111\u1ed3ng ch\u00ed L\u00ea Th\u1ecb Dung H\u1ea1nh &#8211; U\u1ef7 vi\u00ean BCH \u0110\u1ea3ng b\u1ed9, K\u1ebf to\u00e1n tr\u01b0\u1edfng Vi\u1ec7n Khoa h\u1ecdc C\u00f4ng ngh\u1ec7 M\u1ecf, k\u1ec3 t\u1eeb ng\u00e0y 14\/3\/2025.<\/p>\n<p><img loading=\"lazy\" class=\"aligncenter wp-image-126334 size-full\" src=\"https:\/\/imsat.vn\/wp-content\/uploads\/2025\/08\/image090.jpg\" alt=\"\" width=\"953\" height=\"559\" srcset=\"https:\/\/imsat.vn\/wp-content\/uploads\/2025\/08\/image090.jpg 953w, https:\/\/imsat.vn\/wp-content\/uploads\/2025\/08\/image090-300x176.jpg 300w, https:\/\/imsat.vn\/wp-content\/uploads\/2025\/08\/image090-768x450.jpg 768w\" sizes=\"(max-width: 953px) 100vw, 953px\" \/><\/p>\n<p style=\"text-align: center;\"><em>L\u00e3nh \u0111\u1ea1o C\u00f4ng \u0111o\u00e0n Than &#8211; Kho\u00e1ng s\u1ea3n Vi\u1ec7t Nam th\u0103m v\u00e0 t\u1eb7ng qu\u00e0 nh\u00e2n th\u00e1ng C\u00f4ng nh\u00e2n n\u0103m 2022<\/em><\/p>\n<p style=\"text-align: justify;\">Hi\u1ec7n nay, C\u00f4ng \u0111o\u00e0n Vi\u1ec7n Khoa h\u1ecdc C\u00f4ng ngh\u1ec7 M\u1ecf c\u00f3 kho\u1ea3ng 280 \u0111o\u00e0n vi\u00ean c\u00f4ng \u0111o\u00e0n, ho\u1ea1t \u0111\u1ed9ng t\u1ea1i 07 c\u00f4ng \u0111o\u00e0n b\u1ed9 ph\u1eadn: Nghi\u1ec7p v\u1ee5 I, Nghi\u1ec7p v\u1ee5 II, Nghi\u00ean c\u1ee9u I, Nghi\u00ean c\u1ee9u II, Nghi\u00ean c\u1ee9u III, Nghi\u00ean c\u1ee9u IV v\u00e0 Nghi\u00ean c\u1ee9u V;\u00a0 01 T\u1ed5 c\u00f4ng \u0111o\u00e0n &#8211; Trung t\u00e2m nghi\u00ean c\u1ee9u ph\u00e1t tri\u1ec3n than \u0111\u1ed3ng b\u1eb1ng s\u00f4ng H\u1ed3ng v\u00e0 02 C\u00f4ng \u0111o\u00e0n c\u01a1 s\u1edf th\u00e0nh vi\u00ean (Trung t\u00e2m An to\u00e0n m\u1ecf v\u00e0 C\u00f4ng ty CP ph\u00e1t tri\u1ec3n C\u00f4ng ngh\u1ec7 v\u00e0 Thi\u1ebft b\u1ecb M\u1ecf).<\/p>\n<p><img loading=\"lazy\" class=\"aligncenter wp-image-126332 size-full\" src=\"https:\/\/imsat.vn\/wp-content\/uploads\/2025\/08\/image089.jpg\" alt=\"\" width=\"647\" height=\"509\" srcset=\"https:\/\/imsat.vn\/wp-content\/uploads\/2025\/08\/image089.jpg 647w, https:\/\/imsat.vn\/wp-content\/uploads\/2025\/08\/image089-300x236.jpg 300w\" sizes=\"(max-width: 647px) 100vw, 647px\" \/><\/p>\n<p style=\"text-align: center;\"><em>Ho\u1ea1t \u0111\u1ed9ng giao l\u01b0u v\u0103n h\u00f3a du l\u1ecbch, n\u0103m 2022<\/em><\/p>\n<p style=\"text-align: justify;\"><strong>C\u00c1C TH\u00c0NH T\u00cdCH \u0110\u1ea0T \u0110\u01af\u1ee2C<\/strong><\/p>\n<p style=\"text-align: justify;\">&#8211; C\u1edd d\u1eabn \u0111\u1ea7u phong tr\u00e0o thi \u0111ua c\u1ee7a C\u00f4ng \u0111o\u00e0n Than &#8211; Kho\u00e1ng s\u1ea3n Vi\u1ec7t Nam c\u00e1c n\u0103m 2016, 2019, 2020, 2021.<\/p>\n<p style=\"text-align: justify;\">&#8211; C\u1edd chuy\u00ean \u0111\u1ec1 xu\u1ea5t s\u1eafc trong phong tr\u00e0o thi \u0111ua v\u0103n h\u00f3a th\u1ec3 thao n\u0103m 2022.<\/p>\n<p style=\"text-align: justify;\">&#8211; Danh hi\u1ec7u T\u1eadp th\u1ec3 xu\u1ea5t s\u1eafc th\u1ef1c hi\u1ec7n thu, chi, qu\u1ea3n l\u00fd t\u00e0i ch\u00ednh, t\u00e0i s\u1ea3n c\u00f4ng \u0111o\u00e0n n\u0103m 2020-2021 v\u00e0 n\u0103m 2021-2022 do C\u00f4ng \u0111o\u00e0n Than- Kho\u00e1ng s\u1ea3n Vi\u1ec7t Nam khen t\u1eb7ng.<\/p>\n<p style=\"text-align: justify;\">&#8211; B\u1eb1ng khen c\u1ee7a Ban ch\u1ea5p h\u00e0nh T\u1ed5ng li\u00ean \u0111o\u00e0n trong phong tr\u00e0o thi \u0111ua \u201cGi\u1ecfi vi\u1ec7c n\u01b0\u1edbc, \u0111\u1ea3m vi\u1ec7c nh\u00e0\u201d n\u0103m 2020.<\/p>\n<p style=\"text-align: justify;\">&#8211; B\u1eb1ng khen xu\u1ea5t s\u1eafc trong phong tr\u00e0o thi \u0111ua lao \u0111\u1ed9ng gi\u1ecfi v\u00e0 x\u00e2y d\u1ef1ng t\u1ed5 ch\u1ee9c C\u00f4ng \u0111o\u00e0n v\u1eefng m\u1ea1nh n\u0103m 2021 c\u1ee7a T\u1ed5ng Li\u00ean \u0111o\u00e0n Lao \u0111\u1ed9ng Vi\u1ec7t Nam.<\/p>\n<p style=\"text-align: justify;\">&#8211; B\u1eb1ng khen chuy\u00ean \u0111\u1ec1 xanh, s\u1ea1ch \u0111\u1eb9p v\u00e0 an to\u00e0n v\u1ec7 sinh lao \u0111\u1ed9ng c\u1ee7a T\u1ed5ng Li\u00ean \u0111o\u00e0n lao \u0111\u1ed9ng Vi\u1ec7t Nam n\u0103m 2023.<\/p>\n<p style=\"text-align: justify;\">&#8211; Khen th\u01b0\u1edfng th\u00e0nh t\u00edch trong phong tr\u00e0o thi \u0111ua, x\u00e2y d\u1ef1ng t\u1ed5 ch\u1ee9c C\u00f4ng \u0111o\u00e0n v\u1eefng m\u1ea1nh n\u0103m 2024.<\/p>\n<p>&nbsp;<\/p>\n<p>&nbsp;<\/p>\n<p>&nbsp;<\/p>\n<\/div>\n","protected":false},"excerpt":{"rendered":"<p>C\u00f4ng \u0111o\u00e0n Vi\u1ec7n Khoa h\u1ecdc C\u00f4ng ngh\u1ec7 M\u1ecf \u0111\u01b0\u1ee3c th\u00e0nh l\u1eadp ngay t\u1eeb nh\u1eefng ng\u00e0y \u0111\u1ea7u m\u1edbi th\u00e0nh l\u1eadp Ph\u00e2n Vi\u1ec7n Nghi\u00ean c\u1ee9u KHKT Than, v\u00e0o th\u00e1ng 12\/1972. Ng\u00e0y \u0111\u1ea7u th\u00e0nh l\u1eadp, C\u00f4ng \u0111o\u00e0n Vi\u1ec7n c\u00f3 h\u01a1n 80 \u0111o\u00e0n vi\u00ean v\u00e0 tr\u1ef1c thu\u1ed9c C\u00f4ng \u0111o\u00e0n B\u1ed9 \u0110i\u1ec7n v\u00e0 Than. Ch\u1ee7 t\u1ecbch C\u00f4ng \u0111o\u00e0n Vi\u1ec7n Khoa [&hellip;]<\/p>\n","protected":false},"author":2,"featured_media":126334,"parent":35,"menu_order":0,"comment_status":"closed","ping_status":"closed","template":"","meta":[],"yoast_head":"<!-- This site is optimized with the Yoast SEO plugin v18.2 - https:\/\/yoast.com\/wordpress\/plugins\/seo\/ -->\n<title>C\u00f4ng \u0111o\u00e0n Vi\u1ec7n - Vi\u1ec7n Khoa h\u1ecdc C\u00f4ng ngh\u1ec7 M\u1ecf - Vinacomin<\/title>\n<meta name=\"robots\" content=\"index, follow, max-snippet:-1, max-image-preview:large, max-video-preview:-1\" \/>\n<link rel=\"canonical\" href=\"https:\/\/imsat.vn\/?page_id=952\" \/>\n<meta property=\"og:locale\" content=\"vi_VN\" \/>\n<meta property=\"og:type\" content=\"article\" \/>\n<meta property=\"og:title\" content=\"C\u00f4ng \u0111o\u00e0n Vi\u1ec7n - Vi\u1ec7n Khoa h\u1ecdc C\u00f4ng ngh\u1ec7 M\u1ecf - Vinacomin\" \/>\n<meta property=\"og:description\" content=\"C\u00f4ng \u0111o\u00e0n Vi\u1ec7n Khoa h\u1ecdc C\u00f4ng ngh\u1ec7 M\u1ecf \u0111\u01b0\u1ee3c th\u00e0nh l\u1eadp ngay t\u1eeb nh\u1eefng ng\u00e0y \u0111\u1ea7u m\u1edbi th\u00e0nh l\u1eadp Ph\u00e2n Vi\u1ec7n Nghi\u00ean c\u1ee9u KHKT Than, v\u00e0o th\u00e1ng 12\/1972. Ng\u00e0y \u0111\u1ea7u th\u00e0nh l\u1eadp, C\u00f4ng \u0111o\u00e0n Vi\u1ec7n c\u00f3 h\u01a1n 80 \u0111o\u00e0n vi\u00ean v\u00e0 tr\u1ef1c thu\u1ed9c C\u00f4ng \u0111o\u00e0n B\u1ed9 \u0110i\u1ec7n v\u00e0 Than. Ch\u1ee7 t\u1ecbch C\u00f4ng \u0111o\u00e0n Vi\u1ec7n Khoa [&hellip;]\" \/>\n<meta property=\"og:url\" content=\"https:\/\/imsat.vn\/?page_id=952\" \/>\n<meta property=\"og:site_name\" content=\"Vi\u1ec7n Khoa h\u1ecdc C\u00f4ng ngh\u1ec7 M\u1ecf - Vinacomin\" \/>\n<meta property=\"article:modified_time\" content=\"2025-09-11T02:19:32+00:00\" \/>\n<meta property=\"og:image\" content=\"https:\/\/imsat.vn\/wp-content\/uploads\/2025\/08\/image090.jpg\" \/>\n\t<meta property=\"og:image:width\" content=\"953\" \/>\n\t<meta property=\"og:image:height\" content=\"559\" \/>\n\t<meta property=\"og:image:type\" content=\"image\/jpeg\" \/>\n<meta name=\"twitter:card\" content=\"summary_large_image\" \/>\n<meta name=\"twitter:label1\" content=\"Est. reading time\" \/>\n\t<meta name=\"twitter:data1\" content=\"3 minutes\" \/>\n<script type=\"application\/ld+json\" class=\"yoast-schema-graph\">{\"@context\":\"https:\/\/schema.org\",\"@graph\":[{\"@type\":[\"Person\",\"Organization\"],\"@id\":\"https:\/\/imsat.vn\/#\/schema\/person\/89fc24c8dc721bd3aac0eda6ec581513\",\"name\":\"admin\",\"image\":{\"@type\":\"ImageObject\",\"@id\":\"https:\/\/imsat.vn\/#personlogo\",\"inLanguage\":\"vi-VN\",\"url\":\"https:\/\/secure.gravatar.com\/avatar\/64e1b8d34f425d19e1ee2ea7236d3028?s=96&d=mm&r=g\",\"contentUrl\":\"https:\/\/secure.gravatar.com\/avatar\/64e1b8d34f425d19e1ee2ea7236d3028?s=96&d=mm&r=g\",\"caption\":\"admin\"},\"logo\":{\"@id\":\"https:\/\/imsat.vn\/#personlogo\"},\"sameAs\":[\"https:\/\/imsat.vn\/\"]},{\"@type\":\"WebSite\",\"@id\":\"https:\/\/imsat.vn\/#website\",\"url\":\"https:\/\/imsat.vn\/\",\"name\":\"Vi\u1ec7n Khoa h\u1ecdc C\u00f4ng ngh\u1ec7 M\u1ecf - Vinacomin\",\"description\":\"\",\"publisher\":{\"@id\":\"https:\/\/imsat.vn\/#\/schema\/person\/89fc24c8dc721bd3aac0eda6ec581513\"},\"potentialAction\":[{\"@type\":\"SearchAction\",\"target\":{\"@type\":\"EntryPoint\",\"urlTemplate\":\"https:\/\/imsat.vn\/?s={search_term_string}\"},\"query-input\":\"required name=search_term_string\"}],\"inLanguage\":\"vi-VN\"},{\"@type\":\"ImageObject\",\"@id\":\"https:\/\/imsat.vn\/?page_id=952#primaryimage\",\"inLanguage\":\"vi-VN\",\"url\":\"https:\/\/imsat.vn\/wp-content\/uploads\/2025\/08\/image090.jpg\",\"contentUrl\":\"https:\/\/imsat.vn\/wp-content\/uploads\/2025\/08\/image090.jpg\",\"width\":953,\"height\":559},{\"@type\":\"WebPage\",\"@id\":\"https:\/\/imsat.vn\/?page_id=952#webpage\",\"url\":\"https:\/\/imsat.vn\/?page_id=952\",\"name\":\"C\u00f4ng \u0111o\u00e0n Vi\u1ec7n - Vi\u1ec7n Khoa h\u1ecdc C\u00f4ng ngh\u1ec7 M\u1ecf - Vinacomin\",\"isPartOf\":{\"@id\":\"https:\/\/imsat.vn\/#website\"},\"primaryImageOfPage\":{\"@id\":\"https:\/\/imsat.vn\/?page_id=952#primaryimage\"},\"datePublished\":\"2025-08-11T17:17:30+00:00\",\"dateModified\":\"2025-09-11T02:19:32+00:00\",\"breadcrumb\":{\"@id\":\"https:\/\/imsat.vn\/?page_id=952#breadcrumb\"},\"inLanguage\":\"vi-VN\",\"potentialAction\":[{\"@type\":\"ReadAction\",\"target\":[\"https:\/\/imsat.vn\/?page_id=952\"]}]},{\"@type\":\"BreadcrumbList\",\"@id\":\"https:\/\/imsat.vn\/?page_id=952#breadcrumb\",\"itemListElement\":[{\"@type\":\"ListItem\",\"position\":1,\"name\":\"Trang ch\u1ee7\",\"item\":\"https:\/\/imsat.vn\/\"},{\"@type\":\"ListItem\",\"position\":2,\"name\":\"Gi\u1edbi thi\u1ec7u\",\"item\":\"https:\/\/imsat.vn\/?page_id=35\"},{\"@type\":\"ListItem\",\"position\":3,\"name\":\"C\u00f4ng \u0111o\u00e0n Vi\u1ec7n\"}]}]}<\/script>\n<!-- \/ Yoast SEO plugin. -->","yoast_head_json":{"title":"C\u00f4ng \u0111o\u00e0n Vi\u1ec7n - Vi\u1ec7n Khoa h\u1ecdc C\u00f4ng ngh\u1ec7 M\u1ecf - Vinacomin","robots":{"index":"index","follow":"follow","max-snippet":"max-snippet:-1","max-image-preview":"max-image-preview:large","max-video-preview":"max-video-preview:-1"},"canonical":"https:\/\/imsat.vn\/?page_id=952","og_locale":"vi_VN","og_type":"article","og_title":"C\u00f4ng \u0111o\u00e0n Vi\u1ec7n - Vi\u1ec7n Khoa h\u1ecdc C\u00f4ng ngh\u1ec7 M\u1ecf - Vinacomin","og_description":"C\u00f4ng \u0111o\u00e0n Vi\u1ec7n Khoa h\u1ecdc C\u00f4ng ngh\u1ec7 M\u1ecf \u0111\u01b0\u1ee3c th\u00e0nh l\u1eadp ngay t\u1eeb nh\u1eefng ng\u00e0y \u0111\u1ea7u m\u1edbi th\u00e0nh l\u1eadp Ph\u00e2n Vi\u1ec7n Nghi\u00ean c\u1ee9u KHKT Than, v\u00e0o th\u00e1ng 12\/1972. Ng\u00e0y \u0111\u1ea7u th\u00e0nh l\u1eadp, C\u00f4ng \u0111o\u00e0n Vi\u1ec7n c\u00f3 h\u01a1n 80 \u0111o\u00e0n vi\u00ean v\u00e0 tr\u1ef1c thu\u1ed9c C\u00f4ng \u0111o\u00e0n B\u1ed9 \u0110i\u1ec7n v\u00e0 Than. Ch\u1ee7 t\u1ecbch C\u00f4ng \u0111o\u00e0n Vi\u1ec7n Khoa [&hellip;]","og_url":"https:\/\/imsat.vn\/?page_id=952","og_site_name":"Vi\u1ec7n Khoa h\u1ecdc C\u00f4ng ngh\u1ec7 M\u1ecf - Vinacomin","article_modified_time":"2025-09-11T02:19:32+00:00","og_image":[{"width":953,"height":559,"url":"https:\/\/imsat.vn\/wp-content\/uploads\/2025\/08\/image090.jpg","type":"image\/jpeg"}],"twitter_card":"summary_large_image","twitter_misc":{"Est. reading time":"3 minutes"},"schema":{"@context":"https:\/\/schema.org","@graph":[{"@type":["Person","Organization"],"@id":"https:\/\/imsat.vn\/#\/schema\/person\/89fc24c8dc721bd3aac0eda6ec581513","name":"admin","image":{"@type":"ImageObject","@id":"https:\/\/imsat.vn\/#personlogo","inLanguage":"vi-VN","url":"https:\/\/secure.gravatar.com\/avatar\/64e1b8d34f425d19e1ee2ea7236d3028?s=96&d=mm&r=g","contentUrl":"https:\/\/secure.gravatar.com\/avatar\/64e1b8d34f425d19e1ee2ea7236d3028?s=96&d=mm&r=g","caption":"admin"},"logo":{"@id":"https:\/\/imsat.vn\/#personlogo"},"sameAs":["https:\/\/imsat.vn\/"]},{"@type":"WebSite","@id":"https:\/\/imsat.vn\/#website","url":"https:\/\/imsat.vn\/","name":"Vi\u1ec7n Khoa h\u1ecdc C\u00f4ng ngh\u1ec7 M\u1ecf - Vinacomin","description":"","publisher":{"@id":"https:\/\/imsat.vn\/#\/schema\/person\/89fc24c8dc721bd3aac0eda6ec581513"},"potentialAction":[{"@type":"SearchAction","target":{"@type":"EntryPoint","urlTemplate":"https:\/\/imsat.vn\/?s={search_term_string}"},"query-input":"required name=search_term_string"}],"inLanguage":"vi-VN"},{"@type":"ImageObject","@id":"https:\/\/imsat.vn\/?page_id=952#primaryimage","inLanguage":"vi-VN","url":"https:\/\/imsat.vn\/wp-content\/uploads\/2025\/08\/image090.jpg","contentUrl":"https:\/\/imsat.vn\/wp-content\/uploads\/2025\/08\/image090.jpg","width":953,"height":559},{"@type":"WebPage","@id":"https:\/\/imsat.vn\/?page_id=952#webpage","url":"https:\/\/imsat.vn\/?page_id=952","name":"C\u00f4ng \u0111o\u00e0n Vi\u1ec7n - Vi\u1ec7n Khoa h\u1ecdc C\u00f4ng ngh\u1ec7 M\u1ecf - Vinacomin","isPartOf":{"@id":"https:\/\/imsat.vn\/#website"},"primaryImageOfPage":{"@id":"https:\/\/imsat.vn\/?page_id=952#primaryimage"},"datePublished":"2025-08-11T17:17:30+00:00","dateModified":"2025-09-11T02:19:32+00:00","breadcrumb":{"@id":"https:\/\/imsat.vn\/?page_id=952#breadcrumb"},"inLanguage":"vi-VN","potentialAction":[{"@type":"ReadAction","target":["https:\/\/imsat.vn\/?page_id=952"]}]},{"@type":"BreadcrumbList","@id":"https:\/\/imsat.vn\/?page_id=952#breadcrumb","itemListElement":[{"@type":"ListItem","position":1,"name":"Trang ch\u1ee7","item":"https:\/\/imsat.vn\/"},{"@type":"ListItem","position":2,"name":"Gi\u1edbi thi\u1ec7u","item":"https:\/\/imsat.vn\/?page_id=35"},{"@type":"ListItem","position":3,"name":"C\u00f4ng \u0111o\u00e0n Vi\u1ec7n"}]}]}},"_links":{"self":[{"href":"https:\/\/imsat.vn\/index.php?rest_route=\/wp\/v2\/pages\/952"}],"collection":[{"href":"https:\/\/imsat.vn\/index.php?rest_route=\/wp\/v2\/pages"}],"about":[{"href":"https:\/\/imsat.vn\/index.php?rest_route=\/wp\/v2\/types\/page"}],"author":[{"embeddable":true,"href":"https:\/\/imsat.vn\/index.php?rest_route=\/wp\/v2\/users\/2"}],"replies":[{"embeddable":true,"href":"https:\/\/imsat.vn\/index.php?rest_route=%2Fwp%2Fv2%2Fcomments&post=952"}],"version-history":[{"count":9,"href":"https:\/\/imsat.vn\/index.php?rest_route=\/wp\/v2\/pages\/952\/revisions"}],"predecessor-version":[{"id":127000,"href":"https:\/\/imsat.vn\/index.php?rest_route=\/wp\/v2\/pages\/952\/revisions\/127000"}],"up":[{"embeddable":true,"href":"https:\/\/imsat.vn\/index.php?rest_route=\/wp\/v2\/pages\/35"}],"wp:featuredmedia":[{"embeddable":true,"href":"https:\/\/imsat.vn\/index.php?rest_route=\/wp\/v2\/media\/126334"}],"wp:attachment":[{"href":"https:\/\/imsat.vn\/index.php?rest_route=%2Fwp%2Fv2%2Fmedia&parent=952"}],"curies":[{"name":"wp","href":"https:\/\/api.w.org\/{rel}","templated":true}]}}